{"id":18967,"date":"2022-03-04T19:22:27","date_gmt":"2022-03-04T18:22:27","guid":{"rendered":"https:\/\/www.richter.ca\/?page_id=18967"},"modified":"2025-07-17T22:29:26","modified_gmt":"2025-07-17T20:29:26","slug":"carrieres","status":"publish","type":"page","link":"https:\/\/www.richter.ca\/fr\/carrieres\/","title":{"rendered":"Carri\u00e8res"},"content":{"rendered":"<div class=\"bl-expertise animaenter wrapper\">\n        <span class=\"sup-title\">Voici un chiffre d&rsquo;importance<\/span>    <h2 class=\"\">6 raisons de se joindre \u00e0 Richter<\/h2>        <\/div>\n\n<div class=\"bl-video-carousel\">\n    <div class=\"video-carousel wrapper slickCarouselCustom\">\n                    <a tabindex=\"-1\" class=\"carousel-item\" data-fancybox data-type=\"iframe\" data-src=\"https:\/\/www.youtube-nocookie.com\/embed\/ukM-LunJXYQ?autoplay=1&#038;rel=0&#038;modestbranding=1\" href=\"javascript:;\">\n                <div class=\"image\">\n                                        <img decoding=\"async\" src=\"https:\/\/richterca.tor1.digitaloceanspaces.com\/wp-content\/uploads\/2023\/09\/27145455\/independence_thumbnail_f_370x320px.jpg\" alt=\"\">\n                <\/div>\n            <\/a>\n                    <a tabindex=\"-1\" class=\"carousel-item\" data-fancybox data-type=\"iframe\" data-src=\"https:\/\/www.youtube-nocookie.com\/embed\/lJWX2dVtM84?autoplay=1&#038;rel=0&#038;modestbranding=1\" href=\"javascript:;\">\n                <div class=\"image\">\n                                        <img decoding=\"async\" src=\"https:\/\/richterca.tor1.digitaloceanspaces.com\/wp-content\/uploads\/2023\/09\/27145455\/partner_connection_thumbnail_f_370x320px.jpg\" alt=\"\">\n                <\/div>\n            <\/a>\n                    <a tabindex=\"-1\" class=\"carousel-item\" data-fancybox data-type=\"iframe\" data-src=\"https:\/\/www.youtube-nocookie.com\/embed\/hTyNvbicOIk?autoplay=1&#038;rel=0&#038;modestbranding=1\" href=\"javascript:;\">\n                <div class=\"image\">\n                                        <img decoding=\"async\" src=\"https:\/\/richterca.tor1.digitaloceanspaces.com\/wp-content\/uploads\/2023\/09\/27145455\/unique_client_base_thumbnail_f_370x320px.jpg\" alt=\"\">\n                <\/div>\n            <\/a>\n                    <a tabindex=\"-1\" class=\"carousel-item\" data-fancybox data-type=\"iframe\" data-src=\"https:\/\/www.youtube-nocookie.com\/embed\/FFM2ze8sXuo?autoplay=1&#038;rel=0&#038;modestbranding=1\" href=\"javascript:;\">\n                <div class=\"image\">\n                                        <img decoding=\"async\" src=\"https:\/\/richterca.tor1.digitaloceanspaces.com\/wp-content\/uploads\/2023\/09\/27145454\/fast-track_to_partner_thumbnail_f_370x320px.jpg\" alt=\"\">\n                <\/div>\n            <\/a>\n                    <a tabindex=\"-1\" class=\"carousel-item\" data-fancybox data-type=\"iframe\" data-src=\"https:\/\/www.youtube-nocookie.com\/embed\/CxBCJA0noyM?autoplay=1&#038;rel=0&#038;modestbranding=1\" href=\"javascript:;\">\n                <div class=\"image\">\n                                        <img decoding=\"async\" src=\"https:\/\/richterca.tor1.digitaloceanspaces.com\/wp-content\/uploads\/2023\/09\/27145454\/diversity_of_work_thumbnail_f_370x320px.jpg\" alt=\"\">\n                <\/div>\n            <\/a>\n                    <a tabindex=\"-1\" class=\"carousel-item\" data-fancybox data-type=\"iframe\" data-src=\"https:\/\/www.youtube-nocookie.com\/embed\/5S31c03gG8Y?autoplay=1&#038;rel=0&#038;modestbranding=1\" href=\"javascript:;\">\n                <div class=\"image\">\n                                        <img decoding=\"async\" src=\"https:\/\/richterca.tor1.digitaloceanspaces.com\/wp-content\/uploads\/2023\/09\/27145455\/freedom_to_innovate_thumbnail_f_370x320px.jpg\" alt=\"\">\n                <\/div>\n            <\/a>\n            <\/div>\n<\/div>\n\n<div class=\"title_centered animaenter wrapper\">\n    <h1>PR\u00caT \u00c0 VOUS LANCER?<\/h1>\n            <div class=\"ctas\">\n                                <a class=\"arrow-d btn\" target=\"_blank\" href=\"https:\/\/recruiting.ultipro.ca\/RSM5000RSMR\/JobBoard\/9955c100-ba14-4c75-94ed-f927d582cf80\/?q=&#038;o=postedDateDesc\">Trouvez votre opportunit\u00e9 de carri\u00e8re<\/a>                                <a class=\"arrow-d btn\" target=\"_blank\" href=\"https:\/\/recruiting.ultipro.ca\/RSM5000RSMR\/JobBoard\/fb29febb-ec04-413d-9596-1496a4ffe2ad\/?q=&#038;o=postedDateDesc\">Rejoignez notre programme de stages<\/a>                <\/div>\n    <\/div>\n\n<div class=\"bl-articles animaenter\">\n    <div class=\"wrapper\">    \n        <div class=\"tt-cta\">\n                                <\/div>\n        \n        <div class=\"listing\">            <div class=\"item\">\n                <div class=\"image\"><img decoding=\"async\" src=\"https:\/\/richterca.tor1.digitaloceanspaces.com\/wp-content\/uploads\/2023\/08\/27145535\/shutterstock_666854980-600x600.jpg\" alt=\"man staning by a window overlooking the city\"><\/div>\n                <div class=\"ct\">\n                    <div class=\"sup-title\"><\/div>\n                    <h3>Ind\u00e9pendance<\/h3>\n                    <p><p>Richter est ind\u00e9pendant, ce qui nous permet de servir notre client\u00e8le de mani\u00e8re holistique peu importe la situation.<\/p>\n<\/p>\n                <\/div>\n            <\/div>\n                    <div class=\"item\">\n                <div class=\"image\"><img decoding=\"async\" src=\"https:\/\/richterca.tor1.digitaloceanspaces.com\/wp-content\/uploads\/2023\/08\/27145544\/a_shutterstock_428973061-600x600.jpg\" alt=\"\"><\/div>\n                <div class=\"ct\">\n                    <div class=\"sup-title\"><\/div>\n                    <h3>Lien avec les associ\u00e9s<\/h3>\n                    <p><p>Richter encourage un milieu qui non seulement donne \u00e0 chacun la capacit\u00e9 d\u2019apprendre et d\u2019interagir directement avec les associ\u00e9s et les membres chevronn\u00e9s de l\u2019\u00e9quipe, mais aussi de jouer un r\u00f4le concret et de les observer en action.<\/p>\n<\/p>\n                <\/div>\n            <\/div>\n                    <div class=\"item\">\n                <div class=\"image\"><img decoding=\"async\" src=\"https:\/\/richterca.tor1.digitaloceanspaces.com\/wp-content\/uploads\/2023\/08\/27145536\/shutterstock_145716563-600x600.jpg\" alt=\"Family sitting together on a boat\"><\/div>\n                <div class=\"ct\">\n                    <div class=\"sup-title\"><\/div>\n                    <h3>Client\u00e8le unique<\/h3>\n                    <p><p>Richter s\u00e9lectionne soigneusement les clients et travaille avec eux afin de cr\u00e9er une valeur durable pour leurs affaires et leur famille. Ceci nous permet de voir l\u2019incidence de notre travail sur les propri\u00e9taires d\u2019entreprise les plus prosp\u00e8res du Canada et leurs familles.<\/p>\n<\/p>\n                <\/div>\n            <\/div>\n                    <div class=\"item\">\n                <div class=\"image\"><img decoding=\"async\" src=\"https:\/\/richterca.tor1.digitaloceanspaces.com\/wp-content\/uploads\/2023\/08\/27145537\/a_shutterstock_1450518563-600x600.jpg\" alt=\"A woman shaking a man's hand while they are sitting across from eachother at a desk\"><\/div>\n                <div class=\"ct\">\n                    <div class=\"sup-title\"><\/div>\n                    <h3>Voie rapide pour devenir associ\u00e9  <\/h3>\n                    <p><p>La voie rapide pour devenir associ\u00e9 a fait ses preuves, car nous offrons du mentorat, de la formation en leadership et des conseils tout au long du processus. Nous offrons un partenariat complet d\u00e8s que vous devenez associ\u00e9.<\/p>\n<\/p>\n                <\/div>\n            <\/div>\n                    <div class=\"item\">\n                <div class=\"image\"><img decoding=\"async\" src=\"https:\/\/richterca.tor1.digitaloceanspaces.com\/wp-content\/uploads\/2023\/08\/27145538\/shutterstock_589223597-600x600.jpg\" alt=\"\"><\/div>\n                <div class=\"ct\">\n                    <div class=\"sup-title\"><\/div>\n                    <h3>Travail vari\u00e9<\/h3>\n                    <p><p>Nous avons des mandats diff\u00e9rents dans divers domaines de sp\u00e9cialisation, pour une vari\u00e9t\u00e9 de clients. Les membres de l\u2019\u00e9quipe ont une occasion extraordinaire de tracer leur propre voie et de b\u00e2tir une carri\u00e8re qui refl\u00e8te leurs valeurs et leurs aspirations.<\/p>\n<\/p>\n                <\/div>\n            <\/div>\n                    <div class=\"item\">\n                <div class=\"image\"><img decoding=\"async\" src=\"https:\/\/richterca.tor1.digitaloceanspaces.com\/wp-content\/uploads\/2023\/08\/27145540\/shutterstock_1059775274-600x600.jpg\" alt=\"people working at an office.\"><\/div>\n                <div class=\"ct\">\n                    <div class=\"sup-title\"><\/div>\n                    <h3>Libert\u00e9 d\u2019innover<\/h3>\n                    <p><p>La libert\u00e9 d\u2019innover chez Richter c\u2019est sortir des sentiers battus, faire cro\u00eetre votre pratique, trouver de nouvelles fa\u00e7ons d\u2019am\u00e9liorer notre fa\u00e7on de travailler collectivement, cr\u00e9er une valeur ajout\u00e9e pour un client et avoir un impact positif sur la collectivit\u00e9.<\/p>\n<\/p>\n                <\/div>\n            <\/div>\n        <\/div>\n        <div class=\"tt-cta-r\">\n                    <\/div>\n    <\/div>\n<\/div>\n\n<div class=\"bl-wysiwyg animaenter wrapper\">\n    <\/div>\n\n\n<div class=\"wp-block-columns is-layout-flex wp-container-core-columns-is-layout-9d6595d7 wp-block-columns-is-layout-flex\">\n<div class=\"wp-block-column is-layout-flow wp-block-column-is-layout-flow\">\n<h3 class=\"wp-block-heading has-text-align-right no-margin\">Inscrivez-vous \u00e0 notre infolettre<\/h3>\n<\/div>\n\n\n\n<div class=\"wp-block-column is-layout-flow wp-block-column-is-layout-flow\">\n<div class=\"wp-block-buttons is-layout-flex wp-block-buttons-is-layout-flex\">\n<div class=\"wp-block-button is-style-outline cta-arrow is-style-outline--1\"><a class=\"wp-block-button__link has-white-color has-black-background-color has-text-color has-background wp-element-button\" href=\"https:\/\/www.richter.ca\/fr\/lp\/inscrivez-vous-a-linfolettre-talent-et-culture-de-richter\/\" style=\"border-radius:0px\" target=\"_blank\" rel=\"noopener\">Cliquez ici<\/a><\/div>\n<\/div>\n<\/div>\n<\/div>\n\n\n<div class=\"image-small-text-cta animaenter wrapper left\" id=\"\">   \n    <div class=\"content\">\n        <span class=\"sup-title\">ALLER DE L\u2019AVANT<\/span>                                <div class=\"ct\">\n                <h2>LA TRADITION COMME FONDEMENT, L\u2019INNOVATION COMME MOTEUR D\u2019AVENIR<\/h2>                <div class=\"description\"><p>Nous consid\u00e9rons chaque client comme une personne qui a une histoire, une famille et une communaut\u00e9 derri\u00e8re elle. Nous recherchons des personnes pr\u00eates \u00e0 aider nos clients \u00e0 naviguer sur la route qui les attend et qui souhaitent faire progresser leur propre carri\u00e8re.<\/p>\n<\/div>                <a class=\"arrow-l\" target=\"_blank\" href=\"https:\/\/recruiting.ultipro.ca\/RSM5000RSMR\/JobBoard\/9955c100-ba14-4c75-94ed-f927d582cf80\/?q=&#038;o=postedDateDesc\">Appliquer chez Richter<\/a>            <\/div>\n                        <div class=\"ct\">\n                <h2>FAIRE UN STAGE CHEZ RICHTER : LE PREMIER PAS D\u2019UNE AVENTURE<\/h2>                <div class=\"description\"><p>Les \u00e9tudiants font partie int\u00e9grante de la famille Richter. Nous voulons les aider \u00e0 faire leur marque et \u00e0 progresser sur le plan professionnel.<\/p>\n<\/div>                <a class=\"arrow-l\" target=\"\" href=\"https:\/\/www.richter.ca\/fr\/carrieres\/faire-un-stage-chez-richter\/\">\u00c0 quoi ressemble un stage chez Richter?<\/a>            <\/div>\n                        <\/div>        \n    <div class=\"image\">\n        <img decoding=\"async\" src=\"https:\/\/richterca.tor1.digitaloceanspaces.com\/wp-content\/uploads\/2022\/09\/a_shutterstock_627197426-1200x811.jpg\" alt=\"Deux hommes discutant dans un caf\u00e9\">    <\/div> \n<\/div>\n\n\n\n<div class=\"image-small-text-cta animaenter wrapper right\" id=\"\">   \n    <div class=\"content\">\n        <span class=\"sup-title\">RECONNAISSANCE<\/span>                                <div class=\"ct\">\n                <h2>C\u2019EST AGR\u00c9ABLE D\u2019\u00caTRE RECONNU<\/h2>                <div class=\"description\"><p>Richter re\u00e7oit souvent des t\u00e9moignages de reconnaissance pour son engagement envers les clients et la communaut\u00e9, ainsi que pour sa culture d\u2019entreprise qui favorise la solidarit\u00e9.<\/p>\n<ul>\n<li>3X Parmi les meilleurs employeurs au Canada dans la cat\u00e9gorie\u00a0PME<\/li>\n<li>4X Parmi les meilleurs employeurs pour les jeunes Canadiens<\/li>\n<li>16X Parmi les meilleurs employeurs \u00e0 Montr\u00e9al<\/li>\n<li>1X R\u00e9cipiendaire d\u2019un prix Excellence en sant\u00e9 organisationnelle de Dialogue<\/li>\n<li>1X Parmi les 10\u00a0soci\u00e9t\u00e9s les plus admir\u00e9es au Canada, dans les r\u00e9gions du Qu\u00e9bec et de l\u2019Atlantique pour leur culture d\u2019entreprise.<\/li>\n<\/ul>\n<\/div>                            <\/div>\n                        <\/div>        \n    <div class=\"image\">\n        <img decoding=\"async\" src=\"https:\/\/richterca.tor1.digitaloceanspaces.com\/wp-content\/uploads\/2018\/07\/boyce_cindy_8708-1.jpg\" alt=\"Team members talking and laughing\">    <\/div> \n<\/div>\n\n","protected":false},"excerpt":{"rendered":"<p>Inscrivez-vous \u00e0 notre infolettre<\/p>\n","protected":false},"author":17,"featured_media":0,"parent":0,"menu_order":0,"comment_status":"closed","ping_status":"closed","template":"","meta":{"_acf_changed":false,"footnotes":""},"class_list":["post-18967","page","type-page","status-publish","hentry"],"acf":[],"yoast_head":"<!-- This site is optimized with the Yoast SEO plugin v26.9 - https:\/\/yoast.com\/product\/yoast-seo-wordpress\/ -->\n<title>Carri\u00e8res - Richter<\/title>\n<meta name=\"description\" content=\"Grandissez sur le plan professionnel chez Richter en apprenant aupr\u00e8s de personnes talentueuses. Notre \u00e9quipe diverse cr\u00e9e de la prosp\u00e9rit\u00e9 pour nos clients et notre communaut\u00e9.\" \/>\n<meta name=\"robots\" content=\"index, follow, max-snippet:-1, max-image-preview:large, max-video-preview:-1\" \/>\n<meta property=\"og:locale\" content=\"fr_FR\" \/>\n<meta property=\"og:type\" content=\"article\" \/>\n<meta property=\"og:title\" content=\"Carri\u00e8res - Richter\" \/>\n<meta property=\"og:description\" content=\"Grandissez sur le plan professionnel chez Richter en apprenant aupr\u00e8s de personnes talentueuses. Notre \u00e9quipe diverse cr\u00e9e de la prosp\u00e9rit\u00e9 pour nos clients et notre communaut\u00e9.\" \/>\n<meta property=\"og:url\" content=\"https:\/\/www.www.richter.ca\/fr\/carrieres\/\" \/>\n<meta property=\"og:site_name\" content=\"Richter\" \/>\n<meta property=\"article:publisher\" content=\"https:\/\/www.facebook.com\/Richtercanada\/\" \/>\n<meta property=\"article:modified_time\" content=\"2025-07-17T20:29:26+00:00\" \/>\n<meta property=\"og:image\" content=\"https:\/\/richterca.tor1.digitaloceanspaces.com\/wp-content\/uploads\/2018\/08\/share-og.jpg\" \/>\n\t<meta property=\"og:image:width\" content=\"1920\" \/>\n\t<meta property=\"og:image:height\" content=\"1008\" \/>\n\t<meta property=\"og:image:type\" content=\"image\/jpeg\" \/>\n<meta name=\"twitter:card\" content=\"summary_large_image\" \/>\n<meta name=\"twitter:site\" content=\"@richtercanada\" \/>\n<script type=\"application\/ld+json\" class=\"yoast-schema-graph\">{\"@context\":\"https:\/\/schema.org\",\"@graph\":[{\"@type\":\"WebPage\",\"@id\":\"https:\/\/www.www.richter.ca\/fr\/carrieres\/\",\"url\":\"https:\/\/www.www.richter.ca\/fr\/carrieres\/\",\"name\":\"Carri\u00e8res - Richter\",\"isPartOf\":{\"@id\":\"https:\/\/www.www.richter.ca\/#website\"},\"datePublished\":\"2022-03-04T18:22:27+00:00\",\"dateModified\":\"2025-07-17T20:29:26+00:00\",\"description\":\"Grandissez sur le plan professionnel chez Richter en apprenant aupr\u00e8s de personnes talentueuses. Notre \u00e9quipe diverse cr\u00e9e de la prosp\u00e9rit\u00e9 pour nos clients et notre communaut\u00e9.\",\"breadcrumb\":{\"@id\":\"https:\/\/www.www.richter.ca\/fr\/carrieres\/#breadcrumb\"},\"inLanguage\":\"fr-FR\",\"potentialAction\":[{\"@type\":\"ReadAction\",\"target\":[\"https:\/\/www.www.richter.ca\/fr\/carrieres\/\"]}]},{\"@type\":\"BreadcrumbList\",\"@id\":\"https:\/\/www.www.richter.ca\/fr\/carrieres\/#breadcrumb\",\"itemListElement\":[{\"@type\":\"ListItem\",\"position\":1,\"name\":\"Richter\",\"item\":\"https:\/\/www.richter.ca\/fr\/accueil\/\"},{\"@type\":\"ListItem\",\"position\":2,\"name\":\"Carri\u00e8res\"}]},{\"@type\":\"WebSite\",\"@id\":\"https:\/\/www.www.richter.ca\/#website\",\"url\":\"https:\/\/www.www.richter.ca\/\",\"name\":\"Richter\",\"description\":\"Un site utilisant WordPress\",\"publisher\":{\"@id\":\"https:\/\/www.www.richter.ca\/#organization\"},\"potentialAction\":[{\"@type\":\"SearchAction\",\"target\":{\"@type\":\"EntryPoint\",\"urlTemplate\":\"https:\/\/www.www.richter.ca\/?s={search_term_string}\"},\"query-input\":{\"@type\":\"PropertyValueSpecification\",\"valueRequired\":true,\"valueName\":\"search_term_string\"}}],\"inLanguage\":\"fr-FR\"},{\"@type\":\"Organization\",\"@id\":\"https:\/\/www.www.richter.ca\/#organization\",\"name\":\"Richter\",\"url\":\"https:\/\/www.www.richter.ca\/\",\"logo\":{\"@type\":\"ImageObject\",\"inLanguage\":\"fr-FR\",\"@id\":\"https:\/\/www.www.richter.ca\/#\/schema\/logo\/image\/\",\"url\":\"https:\/\/www.richter.ca\/wp-content\/uploads\/2018\/08\/logo.png\",\"contentUrl\":\"https:\/\/www.richter.ca\/wp-content\/uploads\/2018\/08\/logo.png\",\"width\":128,\"height\":24,\"caption\":\"Richter\"},\"image\":{\"@id\":\"https:\/\/www.www.richter.ca\/#\/schema\/logo\/image\/\"},\"sameAs\":[\"https:\/\/www.facebook.com\/Richtercanada\/\",\"https:\/\/x.com\/richtercanada\",\"https:\/\/www.instagram.com\/richtercanada\",\"https:\/\/www.linkedin.com\/company\/richter\/?trk=hb_tab_compy_id_255303\"],\"address\":[{\"@type\":\"PostalAddress\",\"addressLocality\":\"Montreal, QC, Canada\",\"postalCode\":\"H3A 0G6\",\"streetAddress\":\"1981 McGill College, #1100 The Richter Tower\"},{\"@type\":\"PostalAddress\",\"addressLocality\":\"Toronto, ON, Canada\",\"postalCode\":\"M5J 2T3\",\"streetAddress\":\"181 Bay St. #3510 Bay Wellington Tower\"},{\"@type\":\"PostalAddress\",\"addressLocality\":\"Chicago, IL, United States\",\"postalCode\":\"60606\",\"streetAddress\":\"200 South Wacker, #3100\"}],\"contactPoint\":[{\"@type\":\"ContactPoint\",\"telephone\":\"+1-514-934-3400\",\"contactType\":\"Montreal office\"},{\"@type\":\"ContactPoint\",\"telephone\":\"+1-416-488-2345\",\"contactType\":\"Toronto office\"},{\"@type\":\"ContactPoint\",\"telephone\":\"+1-312-828-0800\",\"contactType\":\"Chicago office\"}]}]}<\/script>\n<!-- \/ Yoast SEO plugin. -->","yoast_head_json":{"title":"Carri\u00e8res - Richter","description":"Grandissez sur le plan professionnel chez Richter en apprenant aupr\u00e8s de personnes talentueuses. Notre \u00e9quipe diverse cr\u00e9e de la prosp\u00e9rit\u00e9 pour nos clients et notre communaut\u00e9.","robots":{"index":"index","follow":"follow","max-snippet":"max-snippet:-1","max-image-preview":"max-image-preview:large","max-video-preview":"max-video-preview:-1"},"og_locale":"fr_FR","og_type":"article","og_title":"Carri\u00e8res - Richter","og_description":"Grandissez sur le plan professionnel chez Richter en apprenant aupr\u00e8s de personnes talentueuses. Notre \u00e9quipe diverse cr\u00e9e de la prosp\u00e9rit\u00e9 pour nos clients et notre communaut\u00e9.","og_url":"https:\/\/www.www.richter.ca\/fr\/carrieres\/","og_site_name":"Richter","article_publisher":"https:\/\/www.facebook.com\/Richtercanada\/","article_modified_time":"2025-07-17T20:29:26+00:00","og_image":[{"width":1920,"height":1008,"url":"https:\/\/richterca.tor1.digitaloceanspaces.com\/wp-content\/uploads\/2018\/08\/share-og.jpg","type":"image\/jpeg"}],"twitter_card":"summary_large_image","twitter_site":"@richtercanada","schema":{"@context":"https:\/\/schema.org","@graph":[{"@type":"WebPage","@id":"https:\/\/www.www.richter.ca\/fr\/carrieres\/","url":"https:\/\/www.www.richter.ca\/fr\/carrieres\/","name":"Carri\u00e8res - Richter","isPartOf":{"@id":"https:\/\/www.www.richter.ca\/#website"},"datePublished":"2022-03-04T18:22:27+00:00","dateModified":"2025-07-17T20:29:26+00:00","description":"Grandissez sur le plan professionnel chez Richter en apprenant aupr\u00e8s de personnes talentueuses. Notre \u00e9quipe diverse cr\u00e9e de la prosp\u00e9rit\u00e9 pour nos clients et notre communaut\u00e9.","breadcrumb":{"@id":"https:\/\/www.www.richter.ca\/fr\/carrieres\/#breadcrumb"},"inLanguage":"fr-FR","potentialAction":[{"@type":"ReadAction","target":["https:\/\/www.www.richter.ca\/fr\/carrieres\/"]}]},{"@type":"BreadcrumbList","@id":"https:\/\/www.www.richter.ca\/fr\/carrieres\/#breadcrumb","itemListElement":[{"@type":"ListItem","position":1,"name":"Richter","item":"https:\/\/www.richter.ca\/fr\/accueil\/"},{"@type":"ListItem","position":2,"name":"Carri\u00e8res"}]},{"@type":"WebSite","@id":"https:\/\/www.www.richter.ca\/#website","url":"https:\/\/www.www.richter.ca\/","name":"Richter","description":"Un site utilisant WordPress","publisher":{"@id":"https:\/\/www.www.richter.ca\/#organization"},"potentialAction":[{"@type":"SearchAction","target":{"@type":"EntryPoint","urlTemplate":"https:\/\/www.www.richter.ca\/?s={search_term_string}"},"query-input":{"@type":"PropertyValueSpecification","valueRequired":true,"valueName":"search_term_string"}}],"inLanguage":"fr-FR"},{"@type":"Organization","@id":"https:\/\/www.www.richter.ca\/#organization","name":"Richter","url":"https:\/\/www.www.richter.ca\/","logo":{"@type":"ImageObject","inLanguage":"fr-FR","@id":"https:\/\/www.www.richter.ca\/#\/schema\/logo\/image\/","url":"https:\/\/www.richter.ca\/wp-content\/uploads\/2018\/08\/logo.png","contentUrl":"https:\/\/www.richter.ca\/wp-content\/uploads\/2018\/08\/logo.png","width":128,"height":24,"caption":"Richter"},"image":{"@id":"https:\/\/www.www.richter.ca\/#\/schema\/logo\/image\/"},"sameAs":["https:\/\/www.facebook.com\/Richtercanada\/","https:\/\/x.com\/richtercanada","https:\/\/www.instagram.com\/richtercanada","https:\/\/www.linkedin.com\/company\/richter\/?trk=hb_tab_compy_id_255303"],"address":[{"@type":"PostalAddress","addressLocality":"Montreal, QC, Canada","postalCode":"H3A 0G6","streetAddress":"1981 McGill College, #1100 The Richter Tower"},{"@type":"PostalAddress","addressLocality":"Toronto, ON, Canada","postalCode":"M5J 2T3","streetAddress":"181 Bay St. #3510 Bay Wellington Tower"},{"@type":"PostalAddress","addressLocality":"Chicago, IL, United States","postalCode":"60606","streetAddress":"200 South Wacker, #3100"}],"contactPoint":[{"@type":"ContactPoint","telephone":"+1-514-934-3400","contactType":"Montreal office"},{"@type":"ContactPoint","telephone":"+1-416-488-2345","contactType":"Toronto office"},{"@type":"ContactPoint","telephone":"+1-312-828-0800","contactType":"Chicago office"}]}]}},"_links":{"self":[{"href":"https:\/\/www.richter.ca\/fr\/wp-json\/wp\/v2\/pages\/18967","targetHints":{"allow":["GET"]}}],"collection":[{"href":"https:\/\/www.richter.ca\/fr\/wp-json\/wp\/v2\/pages"}],"about":[{"href":"https:\/\/www.richter.ca\/fr\/wp-json\/wp\/v2\/types\/page"}],"author":[{"embeddable":true,"href":"https:\/\/www.richter.ca\/fr\/wp-json\/wp\/v2\/users\/17"}],"replies":[{"embeddable":true,"href":"https:\/\/www.richter.ca\/fr\/wp-json\/wp\/v2\/comments?post=18967"}],"version-history":[{"count":68,"href":"https:\/\/www.richter.ca\/fr\/wp-json\/wp\/v2\/pages\/18967\/revisions"}],"predecessor-version":[{"id":28187,"href":"https:\/\/www.richter.ca\/fr\/wp-json\/wp\/v2\/pages\/18967\/revisions\/28187"}],"wp:attachment":[{"href":"https:\/\/www.richter.ca\/fr\/wp-json\/wp\/v2\/media?parent=18967"}],"curies":[{"name":"wp","href":"https:\/\/api.w.org\/{rel}","templated":true}]}}