{"id":19189,"date":"2022-03-07T16:56:58","date_gmt":"2022-03-07T15:56:58","guid":{"rendered":"https:\/\/www.richter.ca\/?page_id=19189"},"modified":"2024-09-03T22:13:38","modified_gmt":"2024-09-03T20:13:38","slug":"faire-un-stage-chez-richter","status":"publish","type":"page","link":"https:\/\/www.richter.ca\/fr\/carrieres\/faire-un-stage-chez-richter\/","title":{"rendered":"FAIRE UN STAGE CHEZ RICHTER"},"content":{"rendered":"<div class=\"title_main animaenter wrapper\">\n    <div class=\"tt\">\n        <h1><strong>FAIRE UN STAGE CHEZ RICHTER<\/strong><\/h1>\n    <\/div>\n    <div class=\"description\">\n        <p>Explorez notre page de recrutement campus pour d\u00e9couvrir des opportunit\u00e9s passionnantes de travailler aux c\u00f4t\u00e9s de professionnels chevronn\u00e9s et d&rsquo;acqu\u00e9rir une exp\u00e9rience pratique dans plusieurs domaines dont l\u2019audit, la certification, la fiscalit\u00e9, les services de bureau familial et la consultation.  Fa\u00e7onnez votre carri\u00e8re et \u00e9crivez votre propre histoire de succ\u00e8s dans un environnement de travail dynamique et stimulant.<\/p>    <\/div>\n<\/div>\n\n<div class=\"framed-text animaenter wrapper\">\n    <h2>Commencez votre carri\u00e8re chez Richter<\/h2>\n<p><a class=\"cta-arrow \" href=\"https:\/\/recruiting.ultipro.ca\/RSM5000RSMR\/JobBoard\/fb29febb-ec04-413d-9596-1496a4ffe2ad\/?q=&amp;o=postedDateDesc\"><span>Postulez chez Richter!<\/span><\/a><\/p>\n    <div class=\"frame\"><\/div>\n<\/div>\n\n<div class=\"bl-wysiwyg animaenter wrapper\">\n    <p><img loading=\"lazy\" decoding=\"async\" class=\"aligncenter wp-image-25775 size-large\" src=\"https:\/\/richterca.tor1.digitaloceanspaces.com\/wp-content\/uploads\/2024\/09\/shutterstock_331543808-1024x683.jpg\" alt=\"un groupe de jeunes professionnels\" width=\"1024\" height=\"683\" srcset=\"https:\/\/richterca.tor1.digitaloceanspaces.com\/wp-content\/uploads\/2024\/09\/shutterstock_331543808-1024x683.jpg 1024w, https:\/\/richterca.tor1.digitaloceanspaces.com\/wp-content\/uploads\/2024\/09\/shutterstock_331543808-600x400.jpg 600w, https:\/\/richterca.tor1.digitaloceanspaces.com\/wp-content\/uploads\/2024\/09\/shutterstock_331543808-768x512.jpg 768w, https:\/\/richterca.tor1.digitaloceanspaces.com\/wp-content\/uploads\/2024\/09\/shutterstock_331543808-1536x1024.jpg 1536w, https:\/\/richterca.tor1.digitaloceanspaces.com\/wp-content\/uploads\/2024\/09\/shutterstock_331543808-2048x1365.jpg 2048w\" sizes=\"auto, (max-width: 1024px) 100vw, 1024px\" \/><\/p>\n<\/div>\n\n<div class=\"title_centered animaenter wrapper\">\n    <h1>Venez nous rencontrer sur les campus!<\/h1>\n            <div class=\"ctas\">\n                                <a class=\"arrow-d btn\" target=\"\" href=\"https:\/\/www.richter.ca\/fr\/lp\/richter-campus-quebec\/\">\u00c9v\u00e9nements campus au Qu\u00e9bec<\/a>                                <a class=\"arrow-d btn\" target=\"\" href=\"https:\/\/www.richter.ca\/fr\/lp\/richter-campus-ontario\/\">\u00c9v\u00e9nements campus en Ontario<\/a>                <\/div>\n    <\/div>\n\n<div class=\"bl-wysiwyg animaenter wrapper\">\n    <h2 style=\"text-align: left\">6 raisons qui rendent Richter unique<\/h2>\n<\/div>\n\n<div class=\"bl-video-carousel\">\n    <div class=\"video-carousel wrapper slickCarouselCustom\">\n                    <a tabindex=\"-1\" class=\"carousel-item\" data-fancybox data-type=\"iframe\" data-src=\"https:\/\/www.youtube-nocookie.com\/embed\/ukM-LunJXYQ?autoplay=1&#038;rel=0&#038;modestbranding=1\" href=\"javascript:;\">\n                <div class=\"image\">\n                                        <img decoding=\"async\" src=\"https:\/\/richterca.tor1.digitaloceanspaces.com\/wp-content\/uploads\/2023\/09\/27145455\/independence_thumbnail_f_370x320px.jpg\" alt=\"\">\n                <\/div>\n            <\/a>\n                    <a tabindex=\"-1\" class=\"carousel-item\" data-fancybox data-type=\"iframe\" data-src=\"https:\/\/www.youtube-nocookie.com\/embed\/lJWX2dVtM84?autoplay=1&#038;rel=0&#038;modestbranding=1\" href=\"javascript:;\">\n                <div class=\"image\">\n                                        <img decoding=\"async\" src=\"https:\/\/richterca.tor1.digitaloceanspaces.com\/wp-content\/uploads\/2023\/09\/27145455\/partner_connection_thumbnail_f_370x320px.jpg\" alt=\"\">\n                <\/div>\n            <\/a>\n                    <a tabindex=\"-1\" class=\"carousel-item\" data-fancybox data-type=\"iframe\" data-src=\"https:\/\/www.youtube-nocookie.com\/embed\/hTyNvbicOIk?autoplay=1&#038;rel=0&#038;modestbranding=1\" href=\"javascript:;\">\n                <div class=\"image\">\n                                        <img decoding=\"async\" src=\"https:\/\/richterca.tor1.digitaloceanspaces.com\/wp-content\/uploads\/2023\/09\/27145455\/unique_client_base_thumbnail_f_370x320px.jpg\" alt=\"\">\n                <\/div>\n            <\/a>\n                    <a tabindex=\"-1\" class=\"carousel-item\" data-fancybox data-type=\"iframe\" data-src=\"https:\/\/www.youtube-nocookie.com\/embed\/PS-U55oLl5I?autoplay=1&#038;rel=0&#038;modestbranding=1\" href=\"javascript:;\">\n                <div class=\"image\">\n                                        <img decoding=\"async\" src=\"https:\/\/richterca.tor1.digitaloceanspaces.com\/wp-content\/uploads\/2023\/09\/27145454\/fast-track_to_growth_thumbnail_f_370x320px.jpg\" alt=\"\">\n                <\/div>\n            <\/a>\n                    <a tabindex=\"-1\" class=\"carousel-item\" data-fancybox data-type=\"iframe\" data-src=\"https:\/\/www.youtube-nocookie.com\/embed\/CxBCJA0noyM?autoplay=1&#038;rel=0&#038;modestbranding=1\" href=\"javascript:;\">\n                <div class=\"image\">\n                                        <img decoding=\"async\" src=\"https:\/\/richterca.tor1.digitaloceanspaces.com\/wp-content\/uploads\/2023\/09\/27145454\/diversity_of_work_thumbnail_f_370x320px.jpg\" alt=\"\">\n                <\/div>\n            <\/a>\n                    <a tabindex=\"-1\" class=\"carousel-item\" data-fancybox data-type=\"iframe\" data-src=\"https:\/\/www.youtube-nocookie.com\/embed\/5S31c03gG8Y?autoplay=1&#038;rel=0&#038;modestbranding=1\" href=\"javascript:;\">\n                <div class=\"image\">\n                                        <img decoding=\"async\" src=\"https:\/\/richterca.tor1.digitaloceanspaces.com\/wp-content\/uploads\/2023\/09\/27145455\/freedom_to_innovate_thumbnail_f_370x320px.jpg\" alt=\"\">\n                <\/div>\n            <\/a>\n            <\/div>\n<\/div>\n\n<div class=\"listing-wide animaenter\">\n    <div class=\"wrapper\">\n        <h2>Nos opportunit\u00e9s <\/h2>\n                    <div class=\"listing\">\n                                <div class=\"item match-height\">                                        <div class=\"content\">\n                        <h3>Programme d\u2019\u00e9t\u00e9 \u00e0 Montr\u00e9al<\/h3>\n                        <p>Notre stage d&rsquo;\u00e9t\u00e9 \u00e0 Montr\u00e9al est con\u00e7u pour \u00eatre \u00e0 la fois enrichissant et stimulant. Vous aurez l&rsquo;occasion de travailler aux c\u00f4t\u00e9s de professionnels exp\u00e9riment\u00e9s, en acqu\u00e9rant une exp\u00e9rience pratique en audit tout en explorant les nombreuses unit\u00e9s d\u2019affaires de Richter.<\/p>\n<p><a class=\"cta-arrow \" href=\"#\"><span>Appliquer maintenant<\/span><\/a><\/p>\n                                                    <div class=\"hd-lw\">\n                                <ul>\n<li>Obtenez de l\u2019exp\u00e9rience pratique : stage de 12 semaines (mai-ao\u00fbt)<\/li>\n<li>D\u00e9marrez en force\u00a0: 2 semaines d&rsquo;int\u00e9gration avec une formation compl\u00e8te<\/li>\n<li>Cr\u00e9ez des liens : activit\u00e9s d\u2019\u00e9quipe et de collecte de fonds<\/li>\n<li>D\u00e9veloppez vos comp\u00e9tences en leadership et professionnelles: ateliers interactifs<\/li>\n<li>D\u00e9couvrez toutes les unit\u00e9s d\u2019affaires\u00a0: les participants font des rotations dans toutes nos \u00e9quipes<\/li>\n<li>Obtenez un accompagnement personnalis\u00e9 : conseiller en performance d\u00e9di\u00e9<\/li>\n<li>Programme exclusif\u00a0: con\u00e7u sur mesure pour les les \u00e9tudiants en comptabilit\u00e9<\/li>\n<li>Calendrier : le recrutement pour ce programme se d\u00e9roule \u00e0 l&rsquo;automne<\/li>\n<\/ul>\n                            <\/div>\n                            <p class=\"align-right\">\n                                <a href=\"#\" class=\"lw-collapse-open\">Lire plus<\/a>\n                                <a href=\"#\" class=\"lw-collapse-close\">Fermer<\/a>\n                            <\/p>\n                                            <\/div>\n                <\/div>                                <div class=\"item match-height\">                                        <div class=\"content\">\n                        <h3>Programme d\u2019\u00e9t\u00e9 \u00e0 Toronto<\/h3>\n                        <p>Notre stage d&rsquo;\u00e9t\u00e9 \u00e0 Toronto est \u00e0 la fois gratifiant et stimulant. Vous aurez l\u2019occasion de travailler aux c\u00f4t\u00e9s de professionnels d\u2019exp\u00e9rience et d\u2019acqu\u00e9rir une exp\u00e9rience pratique dans le domaine pour lequel vous postulez.<\/p>\n<p>&nbsp;<\/p>\n<p><a class=\"cta-arrow \" href=\"#\"><span>Appliquer maintenant<\/span><\/a><\/p>\n                                                    <div class=\"hd-lw\">\n                                <ul>\n<li>Obtenez de l\u2019exp\u00e9rience pratique : stage de 3 mois (mai-ao\u00fbt)<\/li>\n<li>D\u00e9marrez en force\u00a0: 2 semaines d&rsquo;int\u00e9gration avec une formation compl\u00e8te<\/li>\n<li>Cr\u00e9ez des liens : activit\u00e9s d\u2019\u00e9quipe et de collecte de fonds<\/li>\n<li>D\u00e9veloppez vos comp\u00e9tences en leadership et professionnelles: ateliers interactifs<\/li>\n<li>Obtenez un accompagnement personnalis\u00e9 : conseiller en performance d\u00e9di\u00e9<\/li>\n<li>Calendrier : le recrutement pour ce programme se d\u00e9roule \u00e0 l&rsquo;automne<\/li>\n<\/ul>\n                            <\/div>\n                            <p class=\"align-right\">\n                                <a href=\"#\" class=\"lw-collapse-open\">Lire plus<\/a>\n                                <a href=\"#\" class=\"lw-collapse-close\">Fermer<\/a>\n                            <\/p>\n                                            <\/div>\n                <\/div>                                <div class=\"item match-height\">                                        <div class=\"content\">\n                        <h3>Poste de comptable junior <\/h3>\n                        <p>Lancez votre carri\u00e8re \u00e0 titre de comptable junior dans nos bureaux de Montr\u00e9al ou de Toronto, une opportunit\u00e9 \u00e0 temps plein pour les futurs dipl\u00f4m\u00e9s et les nouveaux dipl\u00f4m\u00e9s.<\/p>\n<p>&nbsp;<\/p>\n<p><a class=\"cta-arrow \" href=\"#\"><span>Appliquer maintenant<\/span><\/a><\/p>\n                                                    <div class=\"hd-lw\">\n                                <ul>\n<li>P\u00e9riode de recrutement\u00a0: postulez \u00e0 l&rsquo;automne pour Toronto et printemps\/automne pour Montr\u00e9al<\/li>\n<li>Stage avec cheminement CPA pr\u00e9approuv\u00e9\u00a0: id\u00e9al pour les \u00e9tudiants voulant faire l\u2019examen de l\u2019EFC et souhaitant accumuler 24 mois d\u2019exp\u00e9rience pratique<\/li>\n<li>Remboursement des frais de scolarit\u00e9<\/li>\n<li>Soutien \u00e0 l\u2019examen\u00a0: prenez un cong\u00e9 pour vous concentrer sur votre pr\u00e9paration \u00e0 l\u2019EFC<\/li>\n<li>Dates d\u2019entr\u00e9e en fonction flexibles\u00a0: postes commencent \u00e0 l&rsquo;automne; Montr\u00e9al et Toronto recrutent pour les cohortes de janvier et septembre<\/li>\n<\/ul>\n                            <\/div>\n                            <p class=\"align-right\">\n                                <a href=\"#\" class=\"lw-collapse-open\">Lire plus<\/a>\n                                <a href=\"#\" class=\"lw-collapse-close\">Fermer<\/a>\n                            <\/p>\n                                            <\/div>\n                <\/div>                                <div class=\"item match-height\">                                        <div class=\"content\">\n                        <h3>Stage durant l\u2019ann\u00e9e scolaire  <\/h3>\n                        <p>Disponibles dans nos bureaux de Montr\u00e9al et de Toronto, nos stages offrent une exp\u00e9rience personnalis\u00e9e et stimulante pour les \u00e9tudiants d\u00e9sireux de rejoindre un milieu de travail entrepreneurial et dynamique.<\/p>\n<ul>\n<li>Le programme est disponible en format coop ou stage r\u00e9gulier<\/li>\n<li>Personnalis\u00e9 selon les unit\u00e9s d\u2019affaires<\/li>\n<li>Calendrier\u00a0: les stages commencent habituellement \u00e0 l\u2019automne ou \u00e0 l\u2019hiver<\/li>\n<\/ul>\n<p><a class=\"cta-arrow \" href=\"#\"><span>Appliquer maintenant<\/span><\/a><\/p>\n                                            <\/div>\n                <\/div>                                <div class=\"item match-height\">                                        <div class=\"content\">\n                        <h3>Opportunit\u00e9s pour nouveaux dipl\u00f4m\u00e9s<\/h3>\n                        <p>Offerts dans nos bureaux de Montr\u00e9al et de Toronto, nos opportunit\u00e9s pour nouveaux dipl\u00f4m\u00e9s offrent un environnement engageant et soutenant pour ceux qui sont pr\u00eats \u00e0 d\u00e9buter leur parcours professionnel dans un milieu de travail dynamique et entrepreneurial.<\/p>\n<ul>\n<li>Adapt\u00e9 \u00e0 vos objectifs et int\u00e9r\u00eats professionnels<\/li>\n<li>Disponible dans diverses unit\u00e9s d\u2019affaires<\/li>\n<li>Les dates de d\u00e9but varient selon l\u2019\u00e9ch\u00e9ancier de fin d\u2019\u00e9tudes<\/li>\n<\/ul>\n<p>&nbsp;<\/p>\n<p><a class=\"cta-arrow \" href=\"#\"><span>Appliquer maintenant<\/span><\/a><\/p>\n                                            <\/div>\n                <\/div>                                <div class=\"item match-height\">                                        <div class=\"content\">\n                        <h3>Ma\u00eetrise en fiscalit\u00e9<\/h3>\n                        <p>Richter offre des opportunit\u00e9s passionnantes pour les \u00e9tudiants ayant \u00e9t\u00e9 accept\u00e9 \u00e0 leur ma\u00eetrise en fiscalit\u00e9, poursuivant actuellement leur ma\u00eetrise en fiscalit\u00e9 ou ayant compl\u00e9t\u00e9 leur ma\u00eetrise en fiscalit\u00e9.<\/p>\n<p>&nbsp;<\/p>\n<p><a class=\"cta-arrow \" href=\"#\"><span>Appliquer maintenant<\/span><\/a><\/p>\n                                            <\/div>\n                <\/div>                            <\/div>\n            <\/div>\n<\/div>\n\n<div class=\"title_centered animaenter wrapper\">\n    <h1>Rencontrez notre \u00e9quipe de campus<\/h1>\n            <div class=\"ctas\">\n                                <a class=\"arrow-d btn\" target=\"\" href=\"https:\/\/www.linkedin.com\/in\/m-josee-tremblay\/\">Marie-Jos\u00e9e Tremblay<\/a>                                <a class=\"arrow-d btn\" target=\"\" href=\"https:\/\/www.linkedin.com\/in\/tharshika-t-492649114\/\">Tharshika Thananayagam<\/a>                                <a class=\"arrow-d btn\" target=\"\" href=\"https:\/\/www.linkedin.com\/in\/vanessa-duhaime\/\">Vanessa Duhaime<\/a>                <\/div>\n    <\/div>","protected":false},"excerpt":{"rendered":"","protected":false},"author":1,"featured_media":0,"parent":18967,"menu_order":0,"comment_status":"closed","ping_status":"closed","template":"","meta":{"_acf_changed":false,"footnotes":""},"class_list":["post-19189","page","type-page","status-publish","hentry"],"acf":[],"yoast_head":"<!-- This site is optimized with the Yoast SEO plugin v26.9 - https:\/\/yoast.com\/product\/yoast-seo-wordpress\/ -->\n<title>FAIRE UN STAGE CHEZ RICHTER - Richter<\/title>\n<meta name=\"description\" content=\"Explorez notre page de recrutement campus pour d\u00e9couvrir des opportunit\u00e9s passionnantes de travailler aux c\u00f4t\u00e9s de professionnels chevronn\u00e9s.\" \/>\n<meta name=\"robots\" content=\"index, follow, max-snippet:-1, max-image-preview:large, max-video-preview:-1\" \/>\n<meta property=\"og:locale\" content=\"fr_FR\" \/>\n<meta property=\"og:type\" content=\"article\" \/>\n<meta property=\"og:title\" content=\"FAIRE UN STAGE CHEZ RICHTER - Richter\" \/>\n<meta property=\"og:description\" content=\"Explorez notre page de recrutement campus pour d\u00e9couvrir des opportunit\u00e9s passionnantes de travailler aux c\u00f4t\u00e9s de professionnels chevronn\u00e9s.\" \/>\n<meta property=\"og:url\" content=\"https:\/\/www.www.richter.ca\/fr\/carrieres\/faire-un-stage-chez-richter\/\" \/>\n<meta property=\"og:site_name\" content=\"Richter\" \/>\n<meta property=\"article:publisher\" content=\"https:\/\/www.facebook.com\/Richtercanada\/\" \/>\n<meta property=\"article:modified_time\" content=\"2024-09-03T20:13:38+00:00\" \/>\n<meta property=\"og:image\" content=\"https:\/\/richterca.tor1.digitaloceanspaces.com\/wp-content\/uploads\/2018\/08\/share-og.jpg\" \/>\n\t<meta property=\"og:image:width\" content=\"1920\" \/>\n\t<meta property=\"og:image:height\" content=\"1008\" \/>\n\t<meta property=\"og:image:type\" content=\"image\/jpeg\" \/>\n<meta name=\"twitter:card\" content=\"summary_large_image\" \/>\n<meta name=\"twitter:site\" content=\"@richtercanada\" \/>\n<script type=\"application\/ld+json\" class=\"yoast-schema-graph\">{\"@context\":\"https:\/\/schema.org\",\"@graph\":[{\"@type\":\"WebPage\",\"@id\":\"https:\/\/www.www.richter.ca\/fr\/carrieres\/faire-un-stage-chez-richter\/\",\"url\":\"https:\/\/www.www.richter.ca\/fr\/carrieres\/faire-un-stage-chez-richter\/\",\"name\":\"FAIRE UN STAGE CHEZ RICHTER - Richter\",\"isPartOf\":{\"@id\":\"https:\/\/www.www.richter.ca\/#website\"},\"datePublished\":\"2022-03-07T15:56:58+00:00\",\"dateModified\":\"2024-09-03T20:13:38+00:00\",\"description\":\"Explorez notre page de recrutement campus pour d\u00e9couvrir des opportunit\u00e9s passionnantes de travailler aux c\u00f4t\u00e9s de professionnels chevronn\u00e9s.\",\"breadcrumb\":{\"@id\":\"https:\/\/www.www.richter.ca\/fr\/carrieres\/faire-un-stage-chez-richter\/#breadcrumb\"},\"inLanguage\":\"fr-FR\",\"potentialAction\":[{\"@type\":\"ReadAction\",\"target\":[\"https:\/\/www.www.richter.ca\/fr\/carrieres\/faire-un-stage-chez-richter\/\"]}]},{\"@type\":\"BreadcrumbList\",\"@id\":\"https:\/\/www.www.richter.ca\/fr\/carrieres\/faire-un-stage-chez-richter\/#breadcrumb\",\"itemListElement\":[{\"@type\":\"ListItem\",\"position\":1,\"name\":\"Richter\",\"item\":\"https:\/\/www.richter.ca\/fr\/accueil\/\"},{\"@type\":\"ListItem\",\"position\":2,\"name\":\"Carri\u00e8res\",\"item\":\"https:\/\/www.www.richter.ca\/fr\/carrieres\/\"},{\"@type\":\"ListItem\",\"position\":3,\"name\":\"FAIRE UN STAGE CHEZ RICHTER\"}]},{\"@type\":\"WebSite\",\"@id\":\"https:\/\/www.www.richter.ca\/#website\",\"url\":\"https:\/\/www.www.richter.ca\/\",\"name\":\"Richter\",\"description\":\"Un site utilisant WordPress\",\"publisher\":{\"@id\":\"https:\/\/www.www.richter.ca\/#organization\"},\"potentialAction\":[{\"@type\":\"SearchAction\",\"target\":{\"@type\":\"EntryPoint\",\"urlTemplate\":\"https:\/\/www.www.richter.ca\/?s={search_term_string}\"},\"query-input\":{\"@type\":\"PropertyValueSpecification\",\"valueRequired\":true,\"valueName\":\"search_term_string\"}}],\"inLanguage\":\"fr-FR\"},{\"@type\":\"Organization\",\"@id\":\"https:\/\/www.www.richter.ca\/#organization\",\"name\":\"Richter\",\"url\":\"https:\/\/www.www.richter.ca\/\",\"logo\":{\"@type\":\"ImageObject\",\"inLanguage\":\"fr-FR\",\"@id\":\"https:\/\/www.www.richter.ca\/#\/schema\/logo\/image\/\",\"url\":\"https:\/\/www.richter.ca\/wp-content\/uploads\/2018\/08\/logo.png\",\"contentUrl\":\"https:\/\/www.richter.ca\/wp-content\/uploads\/2018\/08\/logo.png\",\"width\":128,\"height\":24,\"caption\":\"Richter\"},\"image\":{\"@id\":\"https:\/\/www.www.richter.ca\/#\/schema\/logo\/image\/\"},\"sameAs\":[\"https:\/\/www.facebook.com\/Richtercanada\/\",\"https:\/\/x.com\/richtercanada\",\"https:\/\/www.instagram.com\/richtercanada\",\"https:\/\/www.linkedin.com\/company\/richter\/?trk=hb_tab_compy_id_255303\"],\"address\":[{\"@type\":\"PostalAddress\",\"addressLocality\":\"Montreal, QC, Canada\",\"postalCode\":\"H3A 0G6\",\"streetAddress\":\"1981 McGill College, #1100 The Richter Tower\"},{\"@type\":\"PostalAddress\",\"addressLocality\":\"Toronto, ON, Canada\",\"postalCode\":\"M5J 2T3\",\"streetAddress\":\"181 Bay St. #3510 Bay Wellington Tower\"},{\"@type\":\"PostalAddress\",\"addressLocality\":\"Chicago, IL, United States\",\"postalCode\":\"60606\",\"streetAddress\":\"200 South Wacker, #3100\"}],\"contactPoint\":[{\"@type\":\"ContactPoint\",\"telephone\":\"+1-514-934-3400\",\"contactType\":\"Montreal office\"},{\"@type\":\"ContactPoint\",\"telephone\":\"+1-416-488-2345\",\"contactType\":\"Toronto office\"},{\"@type\":\"ContactPoint\",\"telephone\":\"+1-312-828-0800\",\"contactType\":\"Chicago office\"}]}]}<\/script>\n<!-- \/ Yoast SEO plugin. -->","yoast_head_json":{"title":"FAIRE UN STAGE CHEZ RICHTER - Richter","description":"Explorez notre page de recrutement campus pour d\u00e9couvrir des opportunit\u00e9s passionnantes de travailler aux c\u00f4t\u00e9s de professionnels chevronn\u00e9s.","robots":{"index":"index","follow":"follow","max-snippet":"max-snippet:-1","max-image-preview":"max-image-preview:large","max-video-preview":"max-video-preview:-1"},"og_locale":"fr_FR","og_type":"article","og_title":"FAIRE UN STAGE CHEZ RICHTER - Richter","og_description":"Explorez notre page de recrutement campus pour d\u00e9couvrir des opportunit\u00e9s passionnantes de travailler aux c\u00f4t\u00e9s de professionnels chevronn\u00e9s.","og_url":"https:\/\/www.www.richter.ca\/fr\/carrieres\/faire-un-stage-chez-richter\/","og_site_name":"Richter","article_publisher":"https:\/\/www.facebook.com\/Richtercanada\/","article_modified_time":"2024-09-03T20:13:38+00:00","og_image":[{"width":1920,"height":1008,"url":"https:\/\/richterca.tor1.digitaloceanspaces.com\/wp-content\/uploads\/2018\/08\/share-og.jpg","type":"image\/jpeg"}],"twitter_card":"summary_large_image","twitter_site":"@richtercanada","schema":{"@context":"https:\/\/schema.org","@graph":[{"@type":"WebPage","@id":"https:\/\/www.www.richter.ca\/fr\/carrieres\/faire-un-stage-chez-richter\/","url":"https:\/\/www.www.richter.ca\/fr\/carrieres\/faire-un-stage-chez-richter\/","name":"FAIRE UN STAGE CHEZ RICHTER - Richter","isPartOf":{"@id":"https:\/\/www.www.richter.ca\/#website"},"datePublished":"2022-03-07T15:56:58+00:00","dateModified":"2024-09-03T20:13:38+00:00","description":"Explorez notre page de recrutement campus pour d\u00e9couvrir des opportunit\u00e9s passionnantes de travailler aux c\u00f4t\u00e9s de professionnels chevronn\u00e9s.","breadcrumb":{"@id":"https:\/\/www.www.richter.ca\/fr\/carrieres\/faire-un-stage-chez-richter\/#breadcrumb"},"inLanguage":"fr-FR","potentialAction":[{"@type":"ReadAction","target":["https:\/\/www.www.richter.ca\/fr\/carrieres\/faire-un-stage-chez-richter\/"]}]},{"@type":"BreadcrumbList","@id":"https:\/\/www.www.richter.ca\/fr\/carrieres\/faire-un-stage-chez-richter\/#breadcrumb","itemListElement":[{"@type":"ListItem","position":1,"name":"Richter","item":"https:\/\/www.richter.ca\/fr\/accueil\/"},{"@type":"ListItem","position":2,"name":"Carri\u00e8res","item":"https:\/\/www.www.richter.ca\/fr\/carrieres\/"},{"@type":"ListItem","position":3,"name":"FAIRE UN STAGE CHEZ RICHTER"}]},{"@type":"WebSite","@id":"https:\/\/www.www.richter.ca\/#website","url":"https:\/\/www.www.richter.ca\/","name":"Richter","description":"Un site utilisant WordPress","publisher":{"@id":"https:\/\/www.www.richter.ca\/#organization"},"potentialAction":[{"@type":"SearchAction","target":{"@type":"EntryPoint","urlTemplate":"https:\/\/www.www.richter.ca\/?s={search_term_string}"},"query-input":{"@type":"PropertyValueSpecification","valueRequired":true,"valueName":"search_term_string"}}],"inLanguage":"fr-FR"},{"@type":"Organization","@id":"https:\/\/www.www.richter.ca\/#organization","name":"Richter","url":"https:\/\/www.www.richter.ca\/","logo":{"@type":"ImageObject","inLanguage":"fr-FR","@id":"https:\/\/www.www.richter.ca\/#\/schema\/logo\/image\/","url":"https:\/\/www.richter.ca\/wp-content\/uploads\/2018\/08\/logo.png","contentUrl":"https:\/\/www.richter.ca\/wp-content\/uploads\/2018\/08\/logo.png","width":128,"height":24,"caption":"Richter"},"image":{"@id":"https:\/\/www.www.richter.ca\/#\/schema\/logo\/image\/"},"sameAs":["https:\/\/www.facebook.com\/Richtercanada\/","https:\/\/x.com\/richtercanada","https:\/\/www.instagram.com\/richtercanada","https:\/\/www.linkedin.com\/company\/richter\/?trk=hb_tab_compy_id_255303"],"address":[{"@type":"PostalAddress","addressLocality":"Montreal, QC, Canada","postalCode":"H3A 0G6","streetAddress":"1981 McGill College, #1100 The Richter Tower"},{"@type":"PostalAddress","addressLocality":"Toronto, ON, Canada","postalCode":"M5J 2T3","streetAddress":"181 Bay St. #3510 Bay Wellington Tower"},{"@type":"PostalAddress","addressLocality":"Chicago, IL, United States","postalCode":"60606","streetAddress":"200 South Wacker, #3100"}],"contactPoint":[{"@type":"ContactPoint","telephone":"+1-514-934-3400","contactType":"Montreal office"},{"@type":"ContactPoint","telephone":"+1-416-488-2345","contactType":"Toronto office"},{"@type":"ContactPoint","telephone":"+1-312-828-0800","contactType":"Chicago office"}]}]}},"_links":{"self":[{"href":"https:\/\/www.richter.ca\/fr\/wp-json\/wp\/v2\/pages\/19189","targetHints":{"allow":["GET"]}}],"collection":[{"href":"https:\/\/www.richter.ca\/fr\/wp-json\/wp\/v2\/pages"}],"about":[{"href":"https:\/\/www.richter.ca\/fr\/wp-json\/wp\/v2\/types\/page"}],"author":[{"embeddable":true,"href":"https:\/\/www.richter.ca\/fr\/wp-json\/wp\/v2\/users\/1"}],"replies":[{"embeddable":true,"href":"https:\/\/www.richter.ca\/fr\/wp-json\/wp\/v2\/comments?post=19189"}],"version-history":[{"count":67,"href":"https:\/\/www.richter.ca\/fr\/wp-json\/wp\/v2\/pages\/19189\/revisions"}],"predecessor-version":[{"id":25779,"href":"https:\/\/www.richter.ca\/fr\/wp-json\/wp\/v2\/pages\/19189\/revisions\/25779"}],"up":[{"embeddable":true,"href":"https:\/\/www.richter.ca\/fr\/wp-json\/wp\/v2\/pages\/18967"}],"wp:attachment":[{"href":"https:\/\/www.richter.ca\/fr\/wp-json\/wp\/v2\/media?parent=19189"}],"curies":[{"name":"wp","href":"https:\/\/api.w.org\/{rel}","templated":true}]}}