{"id":22064,"date":"2022-11-02T21:59:41","date_gmt":"2022-11-02T20:59:41","guid":{"rendered":"https:\/\/www.richter.ca\/?page_id=22064"},"modified":"2024-10-02T17:19:49","modified_gmt":"2024-10-02T15:19:49","slug":"bureau-familial-affaires","status":"publish","type":"page","link":"https:\/\/www.richter.ca\/fr\/bureau-familial-affaires\/","title":{"rendered":"Richter Bureau familial | d&rsquo;Affaires"},"content":{"rendered":"\n<div style=\"height:50px\" aria-hidden=\"true\" class=\"wp-block-spacer\"><\/div>\n\n\n<div class=\"image-text-cta  animaenter wrapper-l\" >\n    <div class=\"image\">\n        <img decoding=\"async\" src=\"https:\/\/richterca.tor1.digitaloceanspaces.com\/wp-content\/uploads\/2023\/02\/richter_bfo2_siteweb_1080x1080_fr_v2.png\" alt=\"\">    <\/div>    \n    <div class=\"content\">\n                <h2>Nous sommes un bureau Familial | D&rsquo;Affaires<\/h2>        <div class=\"description\">Que ce soit sur le plan professionnel, personnel ou la combinaison des deux, Richter occupe une position unique pour r\u00e9pondre aux besoins des entrepreneurs, des clients priv\u00e9s, des propri\u00e9taires d\u2019entreprise et des familles les plus prosp\u00e8res du Canada, en plus de les aider \u00e0 tracer une voie claire pour fa\u00e7onner leur h\u00e9ritage destin\u00e9 aux g\u00e9n\u00e9rations futures.<br \/>\r\n<p><a class=\"cta-arrow \" href=\"https:\/\/www.richter.ca\/fr\/bureau-familial-affaires\/#form\"><span>Contactez-nous<\/span><\/a><\/p><\/div>    <\/div>\n<\/div>\n\n<div class=\"bl-wysiwyg animaenter wrapper\">\n    <h2 style=\"text-align: center\">NOUS CR\u00c9ONS DE LA VALEUR \u00c0 LA CROIS\u00c9E DES INT\u00c9R\u00caTS D\u2019AFFAIRES ET FAMILIAUX, L\u00c0 O\u00d9 LA CAPACIT\u00c9 DE D\u00c9FINIR ET DE R\u00c9SOUDRE LA COMPLEXIT\u00c9 M\u00c8NE \u00c0 UN PATRIMOINE DURABLE.<\/h2>\n<h2 style=\"text-align: center\"><\/h2>\n<p>&nbsp;<\/p>\n<\/div>\n\n<div class=\"info-text-img-anima animaenter wrapper\">\n    <div class=\"content\">\n        <span class=\"sup-title\">Richter combine les opportunit\u00e9s d&rsquo;affaires avec les complexit\u00e9s familiales.<\/span>        <p>Notre exp\u00e9rience nous a montr\u00e9 que les entreprises qui r\u00e9ussissent sont celles qui brisent les silos et facilitent l\u2019\u00e9change d\u2019informations. Les meilleures strat\u00e9gies sont toujours parfaitement int\u00e9gr\u00e9es et le succ\u00e8s d\u00e9coule d\u2019une vision bien articul\u00e9e. C\u2019est pourquoi nous incarnons cette vision dans tous nos efforts. Nous offrons un service int\u00e9gr\u00e9 qui garantit que toute l\u2019\u00e9nergie investie profite \u00e0 l\u2019entreprise et \u00e0 la famille.<\/p>\n<p>Vous souhaitez en apprendre davantage\u00a0 sur ce que votre feuille de route serait avec Richter?<\/p>\n<p>&nbsp;<\/p>\n    <\/div>\n    <div class=\"image\">\n                    <img decoding=\"async\" class=\"fb-fr\" style=\"object-fit: contain;\" alt=\"Richter - Entreprise \/ Famille\" src=\"https:\/\/www.richter.ca\/wp-content\/themes\/richter\/dist\/img\/Richter_2025_Diagramme_FR.png\">\n            <\/div>\n<\/div>\n\n\n<figure class=\"wp-block-pullquote\"><blockquote><p><strong>Richter concilie les opportunit\u00e9s d&rsquo;affaires avec les complexit\u00e9s familiales<\/strong>.<\/p><\/blockquote><\/figure>\n\n\n<div class=\"blocks-bg-cta animaenter wrapper\">\n                        <div class=\"item dark\">\n                <h2 class=\"logo-tt\"><span class=\"tt\">Richter<\/span>Services-conseils<\/h2>\n<p>Notre proposition de valeur consiste \u00e0 d\u00e9ployer des efforts soutenus pour un client et son entreprise en d\u00e9veloppant une strat\u00e9gie \u00e0 long terme. Les chefs d\u2019entreprise sont soutenus dans tous leurs besoins, qu\u2019il s\u2019agisse de services fondamentaux tels que l\u2019\u00e9tablissement de rapports financiers et la planification fiscale ou de conseils strat\u00e9giques cl\u00e9s pour les aider \u00e0 atteindre leurs objectifs. Nos experts chevronn\u00e9s mettent \u00e0 profit leurs comp\u00e9tences pour \u00e9valuer des situations complexes et proposer des solutions personnalis\u00e9es qui r\u00e9pondent parfaitement aux besoins sp\u00e9cifiques d\u2019une entreprise.<\/p>\n                            <\/div>\n                    <div class=\"item white\">\n                <h2 class=\"logo-tt\"><span class=\"tt\">Richter<\/span>Bureau Familial<\/h2>\n<p><span style=\"font-weight: 400;\">Nous comprenons que chaque famille est unique. Gr\u00e2ce \u00e0 notre d\u00e9marche sur-mesure, nous offrons des conseils strat\u00e9giques ind\u00e9pendants bas\u00e9s sur les objectifs financiers et personnels des familles visant \u00e0 assurer la p\u00e9rennit\u00e9 des g\u00e9n\u00e9rations futures. Ces services comprennent notamment la gestion de patrimoine, les op\u00e9rations et les finances familiales, la gouvernance, la planification successorale, la philanthropie et l&rsquo;\u00e9ducation financi\u00e8re.<\/span><\/p>\n                            <\/div>\n            <\/div>\n\n<div class=\"blocks-bg-cta animaenter wrapper\">\n    <\/div>\n\n<div class=\"bl-wysiwyg animaenter wrapper\">\n    <h2 id=\"form\" style=\"text-align: center\">Les affaires et la famille c&rsquo;est gagnant-gagnant.<\/h2>\n<p>Nous n\u2019avons pas de feuille de route pr\u00e9d\u00e9finie. Pourquoi? Parce que chaque propri\u00e9taire d\u2019entreprise, chaque entrepreneur et chaque famille est unique. Vous avez un parcours incomparable qui m\u00e9rite que nous d\u00e9finissions ensemble votre feuille de route afin qu\u2019elle soit parfaitement align\u00e9e \u00e0 vos valeurs et \u00e0 vos besoins.<\/p>\n<p style=\"text-align: center\"><strong>Contactez-nous afin de d\u00e9couvrir comment nos experts de notre Bureau Familial | d&rsquo;Affaires peuvent vous aider.<\/strong><\/p>\n<p style=\"text-align: left\"><iframe loading=\"lazy\" title=\"BFO_Page_Form_2024_FR\" class=\"pardotform\" src=\"https:\/\/www2.richter.ca\/l\/138301\/2024-08-12\/2r392f\" width=\"100%\" height=\"500\" type=\"text\/html\" frameborder=\"0\" allowTransparency=\"true\" style=\"border: 0\"><\/iframe><\/p>\n<\/div>\n\n<div class=\"listing-wide animaenter\">\n    <div class=\"wrapper\">\n        <h2>Aider les propri\u00e9taires d\u2019entreprises et leurs familles \u00e0 b\u00e2tir un h\u00e9ritage durable<\/h2>\n                    <div class=\"listing\">\n                                <div class=\"item match-height\">                    <div class=\"image\"><img decoding=\"async\" src=\"https:\/\/richterca.tor1.digitaloceanspaces.com\/wp-content\/uploads\/2022\/09\/shutterstock_408503014-570x120.jpg\" alt=\"\"><\/div>                    <div class=\"content\">\n                        <h3>Faire le pont entre l\u2019entreprise et la famille<\/h3>\n                        <p><span style=\"font-weight: 400;\">Issu d\u2019une longue lign\u00e9e d\u2019entrepreneurs familiaux, ce propri\u00e9taire d\u2019entreprise de troisi\u00e8me g\u00e9n\u00e9ration a travaill\u00e9 avec Richter pour r\u00e9pondre \u00e0 tous les besoins de son entreprise : rapports financiers, planification fiscale, gestion des relations avec les parties prenantes, etc. \u00c9ventuellement, son entreprise s\u2019est consid\u00e9rablement d\u00e9velopp\u00e9e au fil des ans, et il a d\u00e9cid\u00e9 d\u2019en vendre une partie. Richter a particip\u00e9 \u00e0 l\u2019\u00e9valuation et \u00e0 la transaction. En outre, la vente de l\u2019entreprise de notre client a engendr\u00e9 un apport en liquidit\u00e9 de plus de 300 millions de dollars. Cet \u00e9v\u00e9nement lui a fait prendre conscience qu\u2019il allait \u00eatre confront\u00e9 \u00e0 de nombreux d\u00e9fis sur le plan personnel. Notamment, il souhaitait s\u2019assurer que ces liquidit\u00e9s soient converties en patrimoine g\u00e9n\u00e9rationnel, en plus de coordonner \u00e0 la gestion de tous les d\u00e9tails et l\u2019ensemble des conseillers participant au processus.<\/span><\/p>\n                                                    <div class=\"hd-lw\">\n                                <p><span style=\"font-weight: 400;\">C\u2019est pr\u00e9cis\u00e9ment \u00e0 ce moment que Richter l\u2019a aid\u00e9 \u00e0 faire le pont entre ses affaires et sa famille. Nous l\u2019avons pr\u00e9sent\u00e9 \u00e0 notre \u00e9quipe du Bureau familial Richter pour cr\u00e9er une infrastructure sur mesure pour son bureau familial. Nous avons \u0153uvr\u00e9 en \u00e9troite collaboration avec lui pour constituer et g\u00e9rer activement son portefeuille, sa situation financi\u00e8re, ses projets philanthropiques, ses actifs immobiliers, la gouvernance de la famille et \u00e9duquer la prochaine g\u00e9n\u00e9ration afin d\u2019assurer un succ\u00e8s interg\u00e9n\u00e9rationnel.<\/span><\/p>\n                            <\/div>\n                            <p class=\"align-right\">\n                                <a href=\"#\" class=\"lw-collapse-open\">Lire plus<\/a>\n                                <a href=\"#\" class=\"lw-collapse-close\">Fermer<\/a>\n                            <\/p>\n                                            <\/div>\n                <\/div>                                <div class=\"item match-height\">                    <div class=\"image\"><img decoding=\"async\" src=\"https:\/\/richterca.tor1.digitaloceanspaces.com\/wp-content\/uploads\/2022\/05\/a_shutterstock_325899806-570x120.jpg\" alt=\"Personne utilisant un ordinateur portable avec une tasse de caf\u00e9\"><\/div>                    <div class=\"content\">\n                        <h3>Une v\u00e9ritable entrepreneure dans l\u2019\u00e2me<\/h3>\n                        <p><span style=\"font-weight: 400;\">Cette entrepreneure en s\u00e9rie est venue nous voir apr\u00e8s avoir achev\u00e9 la vente de sa plus r\u00e9cente entreprise, suite \u00e0 une recommandation. Apr\u00e8s l\u2019avoir rencontr\u00e9e pour comprendre sa situation, son histoire et ses objectifs, nous avons d\u00e9termin\u00e9 que son large \u00e9ventail d\u2019actifs n\u00e9cessitait le m\u00eame niveau d\u2019attention et de diligence qu\u2019une entreprise bien g\u00e9r\u00e9e. Nous lui avons pr\u00e9sent\u00e9 notre plateforme Bureau familial Richter. Par la suite, nous l\u2019avons guid\u00e9e pour mettre en place et g\u00e9rer son bureau familial : de la gestion du patrimoine, en passant par les finances et les op\u00e9rations, jusqu\u2019\u00e0 la gestion de son mode de vie.<\/span><\/p>\n                                                    <div class=\"hd-lw\">\n                                <p><span style=\"font-weight: 400;\">V\u00e9ritable entrepreneure dans l\u2019\u00e2me, notre nouvelle cliente \u00e9tait d\u00e9j\u00e0 \u00e0 la recherche de son prochain projet d\u2019entreprise. Nous l\u2019avons pr\u00e9sent\u00e9e \u00e0 notre \u00e9quipe des transactions sur la plateforme Richter Services-Conseils, afin de la guider dans ses acquisitions ult\u00e9rieures et ses transactions commerciales fructueuses.<\/span><\/p>\n                            <\/div>\n                            <p class=\"align-right\">\n                                <a href=\"#\" class=\"lw-collapse-open\">Lire plus<\/a>\n                                <a href=\"#\" class=\"lw-collapse-close\">Fermer<\/a>\n                            <\/p>\n                                            <\/div>\n                <\/div>                            <\/div>\n            <\/div>\n<\/div>\n\n<div class=\"listing-wide animaenter\">\n    <div class=\"wrapper\">\n        <h2>Dans les m\u00e9dias<\/h2>\n                    <div class=\"listing\">\n                                <div class=\"item match-height\">                    <div class=\"image\"><img decoding=\"async\" src=\"https:\/\/richterca.tor1.digitaloceanspaces.com\/wp-content\/uploads\/2022\/09\/a_shutterstock_1121700608-570x120.jpg\" alt=\"person writing with a pen on a clipboard in an office setting\"><\/div>                    <div class=\"content\">\n                        <h3>Les Affaires<\/h3>\n                        <p>Nos associ\u00e9s Tasso Lagios, Justine Delisle et Giovanni Di Maria ont r\u00e9cemment accord\u00e9 une entrevue au magazine <em>Les Affaires\u00a0 <\/em>afin de discuter du Bureau Familial <span style=\"color: #9B4819;\">|<\/span> d&rsquo;Affaires de Richter.<\/p>\n<p>&nbsp;<\/p>\n<p><a href=\"https:\/\/www.lesaffaires.com\/dossiers-partenaires\/pour-une-gestion-dentreprise-et-familial-integree\/richter--pour-une-gestion-dentreprise-et-familial-parfaitement-integree\/637587\" target=\"_blank\" rel=\"noopener\">Lisez l&rsquo;article<\/a><\/p>\n                                            <\/div>\n                <\/div>                                <div class=\"item match-height\">                    <div class=\"image\"><img decoding=\"async\" src=\"https:\/\/richterca.tor1.digitaloceanspaces.com\/wp-content\/uploads\/2022\/03\/a_shutterstock_425325193-570x120.jpg\" alt=\"\"><\/div>                    <div class=\"content\">\n                        <h3>The Globe and Mail<\/h3>\n                        <p>Nos associ\u00e9s, Tasso\u00a0Lagios et Marc\u00a0Yedid, \u00e9taient en vedette dans l\u2019article \u00ab\u00a0Intersecting business and family: one firm\u2019s model for success\u00a0\u00bb du Globe and Mail, o\u00f9 ils ont discut\u00e9 du Bureau Familial | d\u2019Affaires de Richter et de notre engagement \u00e0 aider nos clients \u00e0 la crois\u00e9e des affaires et de la famille.<\/p>\n<p><a href=\"https:\/\/www.theglobeandmail.com\/business\/adv\/article-intersecting-business-and-family-one-firms-model-for-success\/\" target=\"_blank\" rel=\"noopener\">Lisez l&rsquo;article<\/a><\/p>\n                                            <\/div>\n                <\/div>                                <div class=\"item match-height\">                    <div class=\"image\"><img decoding=\"async\" src=\"https:\/\/richterca.tor1.digitaloceanspaces.com\/wp-content\/uploads\/2022\/09\/a_shutterstock_705104782-scaled-1-570x120.jpg\" alt=\"Une personne qui consulte des rapports sur sa tablette\"><\/div>                    <div class=\"content\">\n                        <h3>Canadian Business<\/h3>\n                        <p>Tasso\u00a0Lagios, associ\u00e9 directeur, et Marc\u00a0Yedid, associ\u00e9, ont \u00e9t\u00e9 mis en vedette dans l\u2019article \u00ab\u00a0How Richter is Advising at the Intersection of Business and Family\u00a0\u00bb de Canadian business, pour discuter de la fa\u00e7on dont le Bureau Familial | d\u2019Affaires de Richter est une solution \u00e0 la complexit\u00e9 qui se trouve \u00e0 l\u2019intersection des affaires et des questions familiales.<\/p>\n<p><a href=\"https:\/\/www.richter.ca\/fr\/nos-reflexions\/how-richter-is-advising-at-the-intersection-of-business-and-family-canadian-business-entrevue-avec-tasso-lagios-et-marc-yedid\/\" target=\"_blank\" rel=\"noopener\">Lisez l&rsquo;article<\/a><\/p>\n                                            <\/div>\n                <\/div>                            <\/div>\n            <\/div>\n<\/div>","protected":false},"excerpt":{"rendered":"<p>Richter concilie les opportunit\u00e9s d&rsquo;affaires avec les complexit\u00e9s familiales.<\/p>\n","protected":false},"author":20,"featured_media":0,"parent":0,"menu_order":0,"comment_status":"closed","ping_status":"closed","template":"","meta":{"_acf_changed":false,"footnotes":""},"class_list":["post-22064","page","type-page","status-publish","hentry"],"acf":[],"yoast_head":"<!-- This site is optimized with the Yoast SEO plugin v26.9 - https:\/\/yoast.com\/product\/yoast-seo-wordpress\/ -->\n<title>Richter Bureau familial | d&#039;Affaires - Richter<\/title>\n<meta name=\"description\" content=\"Richter est reconnu pour son engagement envers l\u2019excellence, son service \u00e0 la client\u00e8le et sa culture d\u2019entreprise exemplaire.\" \/>\n<meta name=\"robots\" content=\"index, follow, max-snippet:-1, max-image-preview:large, max-video-preview:-1\" \/>\n<meta property=\"og:locale\" content=\"fr_FR\" \/>\n<meta property=\"og:type\" content=\"article\" \/>\n<meta property=\"og:title\" content=\"Richter Bureau familial | d&#039;Affaires - Richter\" \/>\n<meta property=\"og:description\" content=\"Richter est reconnu pour son engagement envers l\u2019excellence, son service \u00e0 la client\u00e8le et sa culture d\u2019entreprise exemplaire.\" \/>\n<meta property=\"og:url\" content=\"https:\/\/www.www.richter.ca\/fr\/bureau-familial-affaires\/\" \/>\n<meta property=\"og:site_name\" content=\"Richter\" \/>\n<meta property=\"article:publisher\" content=\"https:\/\/www.facebook.com\/Richtercanada\/\" \/>\n<meta property=\"article:modified_time\" content=\"2024-10-02T15:19:49+00:00\" \/>\n<meta property=\"og:image\" content=\"https:\/\/richterca.tor1.digitaloceanspaces.com\/wp-content\/uploads\/2018\/08\/share-og.jpg\" \/>\n\t<meta property=\"og:image:width\" content=\"1920\" \/>\n\t<meta property=\"og:image:height\" content=\"1008\" \/>\n\t<meta property=\"og:image:type\" content=\"image\/jpeg\" \/>\n<meta name=\"twitter:card\" content=\"summary_large_image\" \/>\n<meta name=\"twitter:site\" content=\"@richtercanada\" \/>\n<script type=\"application\/ld+json\" class=\"yoast-schema-graph\">{\"@context\":\"https:\/\/schema.org\",\"@graph\":[{\"@type\":\"WebPage\",\"@id\":\"https:\/\/www.www.richter.ca\/fr\/bureau-familial-affaires\/\",\"url\":\"https:\/\/www.www.richter.ca\/fr\/bureau-familial-affaires\/\",\"name\":\"Richter Bureau familial | d'Affaires - Richter\",\"isPartOf\":{\"@id\":\"https:\/\/www.www.richter.ca\/#website\"},\"datePublished\":\"2022-11-02T20:59:41+00:00\",\"dateModified\":\"2024-10-02T15:19:49+00:00\",\"description\":\"Richter est reconnu pour son engagement envers l\u2019excellence, son service \u00e0 la client\u00e8le et sa culture d\u2019entreprise exemplaire.\",\"breadcrumb\":{\"@id\":\"https:\/\/www.www.richter.ca\/fr\/bureau-familial-affaires\/#breadcrumb\"},\"inLanguage\":\"fr-FR\",\"potentialAction\":[{\"@type\":\"ReadAction\",\"target\":[\"https:\/\/www.www.richter.ca\/fr\/bureau-familial-affaires\/\"]}]},{\"@type\":\"BreadcrumbList\",\"@id\":\"https:\/\/www.www.richter.ca\/fr\/bureau-familial-affaires\/#breadcrumb\",\"itemListElement\":[{\"@type\":\"ListItem\",\"position\":1,\"name\":\"Richter\",\"item\":\"https:\/\/www.richter.ca\/fr\/accueil\/\"},{\"@type\":\"ListItem\",\"position\":2,\"name\":\"Richter Bureau familial | d&#8217;Affaires\"}]},{\"@type\":\"WebSite\",\"@id\":\"https:\/\/www.www.richter.ca\/#website\",\"url\":\"https:\/\/www.www.richter.ca\/\",\"name\":\"Richter\",\"description\":\"Un site utilisant WordPress\",\"publisher\":{\"@id\":\"https:\/\/www.www.richter.ca\/#organization\"},\"potentialAction\":[{\"@type\":\"SearchAction\",\"target\":{\"@type\":\"EntryPoint\",\"urlTemplate\":\"https:\/\/www.www.richter.ca\/?s={search_term_string}\"},\"query-input\":{\"@type\":\"PropertyValueSpecification\",\"valueRequired\":true,\"valueName\":\"search_term_string\"}}],\"inLanguage\":\"fr-FR\"},{\"@type\":\"Organization\",\"@id\":\"https:\/\/www.www.richter.ca\/#organization\",\"name\":\"Richter\",\"url\":\"https:\/\/www.www.richter.ca\/\",\"logo\":{\"@type\":\"ImageObject\",\"inLanguage\":\"fr-FR\",\"@id\":\"https:\/\/www.www.richter.ca\/#\/schema\/logo\/image\/\",\"url\":\"https:\/\/www.richter.ca\/wp-content\/uploads\/2018\/08\/logo.png\",\"contentUrl\":\"https:\/\/www.richter.ca\/wp-content\/uploads\/2018\/08\/logo.png\",\"width\":128,\"height\":24,\"caption\":\"Richter\"},\"image\":{\"@id\":\"https:\/\/www.www.richter.ca\/#\/schema\/logo\/image\/\"},\"sameAs\":[\"https:\/\/www.facebook.com\/Richtercanada\/\",\"https:\/\/x.com\/richtercanada\",\"https:\/\/www.instagram.com\/richtercanada\",\"https:\/\/www.linkedin.com\/company\/richter\/?trk=hb_tab_compy_id_255303\"],\"address\":[{\"@type\":\"PostalAddress\",\"addressLocality\":\"Montreal, QC, Canada\",\"postalCode\":\"H3A 0G6\",\"streetAddress\":\"1981 McGill College, #1100 The Richter Tower\"},{\"@type\":\"PostalAddress\",\"addressLocality\":\"Toronto, ON, Canada\",\"postalCode\":\"M5J 2T3\",\"streetAddress\":\"181 Bay St. #3510 Bay Wellington Tower\"},{\"@type\":\"PostalAddress\",\"addressLocality\":\"Chicago, IL, United States\",\"postalCode\":\"60606\",\"streetAddress\":\"200 South Wacker, #3100\"}],\"contactPoint\":[{\"@type\":\"ContactPoint\",\"telephone\":\"+1-514-934-3400\",\"contactType\":\"Montreal office\"},{\"@type\":\"ContactPoint\",\"telephone\":\"+1-416-488-2345\",\"contactType\":\"Toronto office\"},{\"@type\":\"ContactPoint\",\"telephone\":\"+1-312-828-0800\",\"contactType\":\"Chicago office\"}]}]}<\/script>\n<!-- \/ Yoast SEO plugin. -->","yoast_head_json":{"title":"Richter Bureau familial | d'Affaires - Richter","description":"Richter est reconnu pour son engagement envers l\u2019excellence, son service \u00e0 la client\u00e8le et sa culture d\u2019entreprise exemplaire.","robots":{"index":"index","follow":"follow","max-snippet":"max-snippet:-1","max-image-preview":"max-image-preview:large","max-video-preview":"max-video-preview:-1"},"og_locale":"fr_FR","og_type":"article","og_title":"Richter Bureau familial | d'Affaires - Richter","og_description":"Richter est reconnu pour son engagement envers l\u2019excellence, son service \u00e0 la client\u00e8le et sa culture d\u2019entreprise exemplaire.","og_url":"https:\/\/www.www.richter.ca\/fr\/bureau-familial-affaires\/","og_site_name":"Richter","article_publisher":"https:\/\/www.facebook.com\/Richtercanada\/","article_modified_time":"2024-10-02T15:19:49+00:00","og_image":[{"width":1920,"height":1008,"url":"https:\/\/richterca.tor1.digitaloceanspaces.com\/wp-content\/uploads\/2018\/08\/share-og.jpg","type":"image\/jpeg"}],"twitter_card":"summary_large_image","twitter_site":"@richtercanada","schema":{"@context":"https:\/\/schema.org","@graph":[{"@type":"WebPage","@id":"https:\/\/www.www.richter.ca\/fr\/bureau-familial-affaires\/","url":"https:\/\/www.www.richter.ca\/fr\/bureau-familial-affaires\/","name":"Richter Bureau familial | d'Affaires - Richter","isPartOf":{"@id":"https:\/\/www.www.richter.ca\/#website"},"datePublished":"2022-11-02T20:59:41+00:00","dateModified":"2024-10-02T15:19:49+00:00","description":"Richter est reconnu pour son engagement envers l\u2019excellence, son service \u00e0 la client\u00e8le et sa culture d\u2019entreprise exemplaire.","breadcrumb":{"@id":"https:\/\/www.www.richter.ca\/fr\/bureau-familial-affaires\/#breadcrumb"},"inLanguage":"fr-FR","potentialAction":[{"@type":"ReadAction","target":["https:\/\/www.www.richter.ca\/fr\/bureau-familial-affaires\/"]}]},{"@type":"BreadcrumbList","@id":"https:\/\/www.www.richter.ca\/fr\/bureau-familial-affaires\/#breadcrumb","itemListElement":[{"@type":"ListItem","position":1,"name":"Richter","item":"https:\/\/www.richter.ca\/fr\/accueil\/"},{"@type":"ListItem","position":2,"name":"Richter Bureau familial | d&#8217;Affaires"}]},{"@type":"WebSite","@id":"https:\/\/www.www.richter.ca\/#website","url":"https:\/\/www.www.richter.ca\/","name":"Richter","description":"Un site utilisant WordPress","publisher":{"@id":"https:\/\/www.www.richter.ca\/#organization"},"potentialAction":[{"@type":"SearchAction","target":{"@type":"EntryPoint","urlTemplate":"https:\/\/www.www.richter.ca\/?s={search_term_string}"},"query-input":{"@type":"PropertyValueSpecification","valueRequired":true,"valueName":"search_term_string"}}],"inLanguage":"fr-FR"},{"@type":"Organization","@id":"https:\/\/www.www.richter.ca\/#organization","name":"Richter","url":"https:\/\/www.www.richter.ca\/","logo":{"@type":"ImageObject","inLanguage":"fr-FR","@id":"https:\/\/www.www.richter.ca\/#\/schema\/logo\/image\/","url":"https:\/\/www.richter.ca\/wp-content\/uploads\/2018\/08\/logo.png","contentUrl":"https:\/\/www.richter.ca\/wp-content\/uploads\/2018\/08\/logo.png","width":128,"height":24,"caption":"Richter"},"image":{"@id":"https:\/\/www.www.richter.ca\/#\/schema\/logo\/image\/"},"sameAs":["https:\/\/www.facebook.com\/Richtercanada\/","https:\/\/x.com\/richtercanada","https:\/\/www.instagram.com\/richtercanada","https:\/\/www.linkedin.com\/company\/richter\/?trk=hb_tab_compy_id_255303"],"address":[{"@type":"PostalAddress","addressLocality":"Montreal, QC, Canada","postalCode":"H3A 0G6","streetAddress":"1981 McGill College, #1100 The Richter Tower"},{"@type":"PostalAddress","addressLocality":"Toronto, ON, Canada","postalCode":"M5J 2T3","streetAddress":"181 Bay St. #3510 Bay Wellington Tower"},{"@type":"PostalAddress","addressLocality":"Chicago, IL, United States","postalCode":"60606","streetAddress":"200 South Wacker, #3100"}],"contactPoint":[{"@type":"ContactPoint","telephone":"+1-514-934-3400","contactType":"Montreal office"},{"@type":"ContactPoint","telephone":"+1-416-488-2345","contactType":"Toronto office"},{"@type":"ContactPoint","telephone":"+1-312-828-0800","contactType":"Chicago office"}]}]}},"_links":{"self":[{"href":"https:\/\/www.richter.ca\/fr\/wp-json\/wp\/v2\/pages\/22064","targetHints":{"allow":["GET"]}}],"collection":[{"href":"https:\/\/www.richter.ca\/fr\/wp-json\/wp\/v2\/pages"}],"about":[{"href":"https:\/\/www.richter.ca\/fr\/wp-json\/wp\/v2\/types\/page"}],"author":[{"embeddable":true,"href":"https:\/\/www.richter.ca\/fr\/wp-json\/wp\/v2\/users\/20"}],"replies":[{"embeddable":true,"href":"https:\/\/www.richter.ca\/fr\/wp-json\/wp\/v2\/comments?post=22064"}],"version-history":[{"count":67,"href":"https:\/\/www.richter.ca\/fr\/wp-json\/wp\/v2\/pages\/22064\/revisions"}],"predecessor-version":[{"id":26021,"href":"https:\/\/www.richter.ca\/fr\/wp-json\/wp\/v2\/pages\/22064\/revisions\/26021"}],"wp:attachment":[{"href":"https:\/\/www.richter.ca\/fr\/wp-json\/wp\/v2\/media?parent=22064"}],"curies":[{"name":"wp","href":"https:\/\/api.w.org\/{rel}","templated":true}]}}