{"id":24410,"date":"2024-01-25T16:29:25","date_gmt":"2024-01-25T15:29:25","guid":{"rendered":"https:\/\/www.richter.ca\/?page_id=24410"},"modified":"2026-01-09T20:47:38","modified_gmt":"2026-01-09T19:47:38","slug":"evenements","status":"publish","type":"page","link":"https:\/\/www.richter.ca\/fr\/evenements\/","title":{"rendered":"\u00c9v\u00e9nements"},"content":{"rendered":"<div class=\"bl-wysiwyg animaenter wrapper\">\n    <p>D\u00e9couvrez nos webinaires et \u00e9v\u00e9nements exclusifs anim\u00e9s par nos experts. B\u00e9n\u00e9ficiez de conseils strat\u00e9giques sur des sujets d\u2019actualit\u00e9s. De strat\u00e9gies pour les entreprises \u00e0 la gestion des objectifs financiers et personnels des familles, nos \u00e9v\u00e9nements couvrent un \u00e9ventail de sujets pour r\u00e9pondre aux besoins des propri\u00e9taires d&rsquo;entreprise et de leurs familles. Explorez nos prochains \u00e9v\u00e9nements et webinaires ci-dessous pour en savoir plus.<\/p>\n<h2>\u00c9V\u00c9NEMENTS \u00c0 VENIR<\/h2>\n<\/div>\n\n<div class=\"image-small-text-cta animaenter wrapper right\" id=\"\">   \n    <div class=\"content\">\n        <span class=\"sup-title\">17 f\u00e9vrier 2026<\/span>                                <div class=\"ct\">\n                <h2>Pr\u00e9visions \u00e9conomiques de Richter<\/h2>                <div class=\"description\"><p>Joignez-vous \u00e0 nous en ligne le mardi 17 f\u00e9vrier pour le webinaire annuel de pr\u00e9visions \u00e9conomiques de Richter. Ce webinaire nous permettra d\u2019analyser les principaux indicateurs qui fa\u00e7onnent les perspectives \u00e9conomiques du Canada, notamment l\u2019\u00e9volution des taux d\u2019int\u00e9r\u00eat, l\u2019inflation, la dynamique du march\u00e9 du travail, les tendances en mati\u00e8re d\u2019habitation et d\u2019autres facteurs cl\u00e9s qui orienteront les d\u00e9cisions strat\u00e9giques au cours de la prochaine ann\u00e9e.<\/p>\n<\/div>                <a class=\"arrow-l\" target=\"_blank\" href=\"https:\/\/www.richter.ca\/fr\/lp\/previsions-economiques-de-richter\/\">Enregistrez-vous<\/a>            <\/div>\n                        <\/div>        \n    <div class=\"image\">\n        <img decoding=\"async\" src=\"https:\/\/richterca.tor1.digitaloceanspaces.com\/wp-content\/uploads\/2025\/10\/a_shutterstock_533456536-1200x1200.jpg\" alt=\"man standing in front of a window\">    <\/div> \n<\/div>\n\n\n\n<div class=\"bl-wysiwyg animaenter wrapper\">\n    <h2>\u00c9V\u00c9NEMENTS PASS\u00c9S<\/h2>\n<p>Vous avez manqu\u00e9 un de nos webinaires? Consultez les liens ci-bas afin de visionner les enregistrements.<\/p>\n<\/div>\n\n<div class=\"image-small-text-cta animaenter wrapper right\" id=\"\">   \n    <div class=\"content\">\n        <span class=\"sup-title\">12 novembre 2025<\/span>                                <div class=\"ct\">\n                <h2>Pr\u00e9paration financi\u00e8re<\/h2>                                <a class=\"arrow-l\" target=\"_blank\" href=\"https:\/\/www.richter.ca\/fr\/services-conseils-aux-entreprises\/transition-et-planification-de-la-releve\/#webinaires\">Visionner l&rsquo;enregistrement (en anglais seulement)<\/a>            <\/div>\n                        <\/div>        \n    <div class=\"image\">\n        <img decoding=\"async\" src=\"https:\/\/richterca.tor1.digitaloceanspaces.com\/wp-content\/uploads\/2023\/08\/27145541\/a_shutterstock_1308922660-1200x1200.jpg\" alt=\"4 people having a meeting outside.\">    <\/div> \n<\/div>\n\n\n\n<div class=\"image-small-text-cta animaenter wrapper right\" id=\"\">   \n    <div class=\"content\">\n        <span class=\"sup-title\">21 octobre 2025<\/span>                                <div class=\"ct\">\n                <h2>R\u00e9mun\u00e9ration des entreprises priv\u00e9es<\/h2>                                <a class=\"arrow-l\" target=\"_blank\" href=\"https:\/\/www.richter.ca\/fr\/services-conseils-aux-entreprises\/transition-et-planification-de-la-releve\/#webinaires\">Visionner l&rsquo;enregistrement (en anglais seulement)<\/a>            <\/div>\n                        <\/div>        \n    <div class=\"image\">\n        <img decoding=\"async\" src=\"https:\/\/richterca.tor1.digitaloceanspaces.com\/wp-content\/uploads\/2023\/11\/web_article_thumbnail_strategy_planning_charting_your_path_option3_1080x1035px.jpg\" alt=\"woman signing a document \">    <\/div> \n<\/div>\n\n\n\n<div class=\"image-small-text-cta animaenter wrapper right\" id=\"\">   \n    <div class=\"content\">\n        <span class=\"sup-title\">16 septembre 2025<\/span>                                <div class=\"ct\">\n                <h2>De la planification \u00e0 la transmission de patrimoine: une structure et les personnes ad\u00e9quates assurent une rel\u00e8ve r\u00e9ussie<\/h2>                                <a class=\"arrow-l\" target=\"_blank\" href=\"https:\/\/www.richter.ca\/fr\/services-conseils-aux-entreprises\/transition-et-planification-de-la-releve\/#webinaires\">Visionner l&rsquo;enregistrement (en anglais seulement)<\/a>            <\/div>\n                        <\/div>        \n    <div class=\"image\">\n        <img decoding=\"async\" src=\"https:\/\/richterca.tor1.digitaloceanspaces.com\/wp-content\/uploads\/2025\/08\/01-web_webinar_from_plan_to_legacy_1080x1035px.jpg\" alt=\"Woman hand shacking\">    <\/div> \n<\/div>\n\n\n\n<div class=\"image-small-text-cta animaenter wrapper right\" id=\"\">   \n    <div class=\"content\">\n        <span class=\"sup-title\">21 ao\u00fbt 2025<\/span>                                <div class=\"ct\">\n                <h2>Planification de la rel\u00e8ve: garder ou vendre l&rsquo;entreprise familiale<\/h2>                                <a class=\"arrow-l\" target=\"\" href=\"https:\/\/www.richter.ca\/fr\/services-conseils-aux-entreprises\/transition-et-planification-de-la-releve\/#webinaires\">Visionner l&rsquo;enregistrement (en anglais seulement)<\/a>            <\/div>\n                        <\/div>        \n    <div class=\"image\">\n        <img decoding=\"async\" src=\"https:\/\/richterca.tor1.digitaloceanspaces.com\/wp-content\/uploads\/2025\/06\/web_article_thumbnail_strategy_planning_charting_your_path_option2_1080x1035px.jpg\" alt=\"meeting with 3 people\">    <\/div> \n<\/div>\n\n\n\n<div class=\"image-small-text-cta animaenter wrapper right\" id=\"\">   \n    <div class=\"content\">\n        <span class=\"sup-title\">27 mai 2025<\/span>                                <div class=\"ct\">\n                <h2>Planification de la rel\u00e8ve d\u2019une entreprise familiale<\/h2>                                <a class=\"arrow-l\" target=\"\" href=\"https:\/\/www.richter.ca\/fr\/services-conseils-aux-entreprises\/transition-et-planification-de-la-releve\/#webinaires\">Visionner l&rsquo;enregistrement (en anglais seulement)<\/a>            <\/div>\n                        <\/div>        \n    <div class=\"image\">\n        <img decoding=\"async\" src=\"https:\/\/richterca.tor1.digitaloceanspaces.com\/wp-content\/uploads\/2023\/08\/27145536\/shutterstock_145716563-1200x1200.jpg\" alt=\"Family sitting together on a boat\">    <\/div> \n<\/div>\n\n\n\n<div class=\"image-small-text-cta animaenter wrapper right\" id=\"\">   \n    <div class=\"content\">\n        <span class=\"sup-title\">3 avril 2025<\/span>                                <div class=\"ct\">\n                <h2>Strat\u00e9gies d\u2019experts pour faire face aux tarifs douaniers<\/h2>                                <a class=\"arrow-l\" target=\"_blank\" href=\"https:\/\/www.richter.ca\/lp\/strategies-dexperts-pour-les-entreprises-canadiennes-face-aux-tarifs-douanier-americains-3-avril\/\">Visionner l&rsquo;enregistrement (en anglais seulement)<\/a>            <\/div>\n                        <\/div>        \n    <div class=\"image\">\n        <img decoding=\"async\" src=\"https:\/\/richterca.tor1.digitaloceanspaces.com\/wp-content\/uploads\/2025\/03\/events_page_image3.jpg\" alt=\"Femme qui regarde un webinaire\">    <\/div> \n<\/div>\n\n\n\n<div class=\"image-small-text-cta animaenter wrapper right\" id=\"\">   \n    <div class=\"content\">\n        <span class=\"sup-title\">18 f\u00e9vrier 2025<\/span>                                <div class=\"ct\">\n                <h2>Pr\u00e9visions \u00e9conomiques 2025<\/h2>                                <a class=\"arrow-l\" target=\"_blank\" href=\"https:\/\/youtu.be\/VYEctCVE33w\">Visionner l&rsquo;enregistrement (en anglais seulement)<\/a>            <\/div>\n                        <\/div>        \n    <div class=\"image\">\n        <img decoding=\"async\" src=\"https:\/\/richterca.tor1.digitaloceanspaces.com\/wp-content\/uploads\/2022\/09\/shutterstock_633340466-1200x1200.jpg\" alt=\"\">    <\/div> \n<\/div>\n\n\n\n<div class=\"image-small-text-cta animaenter wrapper left\" id=\"\">   \n    <div class=\"content\">\n        <span class=\"sup-title\">18 avril 2024<\/span>                                <div class=\"ct\">\n                <h2>Les d\u00e9bats de Richter au CAIF<\/h2>                                <a class=\"arrow-l\" target=\"\" href=\"https:\/\/www.richter.ca\/fr\/lp\/debats-richter-caif\/\">Visionner l&rsquo;enregistrement (en anglais seulement)<\/a>            <\/div>\n                        <\/div>        \n    <div class=\"image\">\n        <img decoding=\"async\" src=\"https:\/\/richterca.tor1.digitaloceanspaces.com\/wp-content\/uploads\/2021\/01\/a_shutterstock_1299855592-scaled.jpg\" alt=\"Crypto transition\">    <\/div> \n<\/div>\n\n\n\n<div class=\"image-small-text-cta animaenter wrapper right\" id=\"\">   \n    <div class=\"content\">\n        <span class=\"sup-title\">13 f\u00e9vrier 2024<\/span>                                <div class=\"ct\">\n                <h2>PR\u00c9VISIONS \u00c9CONOMIQUES DE RICHTER POUR 2024<\/h2>                                <a class=\"arrow-l\" target=\"\" href=\"https:\/\/www.richter.ca\/fr\/lp\/previsions-economiques-de-richter-pour-2024\">Visionner l&rsquo;enregistrement<\/a>            <\/div>\n                        <\/div>        \n    <div class=\"image\">\n        <img decoding=\"async\" src=\"https:\/\/richterca.tor1.digitaloceanspaces.com\/wp-content\/uploads\/2022\/09\/shutterstock_579889111-1200x955.jpg\" alt=\"Un membre de l'\u00e9quipe parle \u00e0 un coll\u00e8gue\">    <\/div> \n<\/div>\n\n\n\n<div class=\"image-small-text-cta animaenter wrapper left\" id=\"\">   \n    <div class=\"content\">\n        <span class=\"sup-title\">P\u00e9riodique<\/span>                                <div class=\"ct\">\n                <h2> S\u00c9RIE FONCTION FINANCES DE RICHTER<\/h2>                                <a class=\"arrow-l\" target=\"\" href=\"https:\/\/www.richter.ca\/fr\/lp\/serie-fonction-finances\">Visionner les enregistrements<\/a>            <\/div>\n                        <\/div>        \n    <div class=\"image\">\n        <img decoding=\"async\" src=\"https:\/\/richterca.tor1.digitaloceanspaces.com\/wp-content\/uploads\/2022\/09\/a_shutterstock_1121700608-1200x1200.jpg\" alt=\"person writing with a pen on a clipboard in an office setting\">    <\/div> \n<\/div>\n\n","protected":false},"excerpt":{"rendered":"","protected":false},"author":20,"featured_media":0,"parent":0,"menu_order":0,"comment_status":"closed","ping_status":"closed","template":"","meta":{"_acf_changed":false,"footnotes":""},"class_list":["post-24410","page","type-page","status-publish","hentry"],"acf":[],"yoast_head":"<!-- This site is optimized with the Yoast SEO plugin v26.9 - https:\/\/yoast.com\/product\/yoast-seo-wordpress\/ -->\n<title>\u00c9v\u00e9nements - Richter<\/title>\n<meta name=\"description\" content=\"D\u00e9couvrez nos webinaires et \u00e9v\u00e9nements exclusifs anim\u00e9s par nos experts. B\u00e9n\u00e9ficiez de conseils strat\u00e9giques sur des sujets d\u2019actualit\u00e9s.\" \/>\n<meta name=\"robots\" content=\"index, follow, max-snippet:-1, max-image-preview:large, max-video-preview:-1\" \/>\n<meta property=\"og:locale\" content=\"fr_FR\" \/>\n<meta property=\"og:type\" content=\"article\" \/>\n<meta property=\"og:title\" content=\"\u00c9v\u00e9nements - Richter\" \/>\n<meta property=\"og:description\" content=\"D\u00e9couvrez nos webinaires et \u00e9v\u00e9nements exclusifs anim\u00e9s par nos experts. B\u00e9n\u00e9ficiez de conseils strat\u00e9giques sur des sujets d\u2019actualit\u00e9s.\" \/>\n<meta property=\"og:url\" content=\"https:\/\/www.richter.ca\/fr\/evenements\/\" \/>\n<meta property=\"og:site_name\" content=\"Richter\" \/>\n<meta property=\"article:publisher\" content=\"https:\/\/www.facebook.com\/Richtercanada\/\" \/>\n<meta property=\"article:modified_time\" content=\"2026-01-09T19:47:38+00:00\" \/>\n<meta property=\"og:image\" content=\"https:\/\/richterca.tor1.digitaloceanspaces.com\/wp-content\/uploads\/2018\/08\/share-og.jpg\" \/>\n\t<meta property=\"og:image:width\" content=\"1920\" \/>\n\t<meta property=\"og:image:height\" content=\"1008\" \/>\n\t<meta property=\"og:image:type\" content=\"image\/jpeg\" \/>\n<meta name=\"twitter:card\" content=\"summary_large_image\" \/>\n<meta name=\"twitter:site\" content=\"@richtercanada\" \/>\n<script type=\"application\/ld+json\" class=\"yoast-schema-graph\">{\"@context\":\"https:\/\/schema.org\",\"@graph\":[{\"@type\":\"WebPage\",\"@id\":\"https:\/\/www.richter.ca\/fr\/evenements\/\",\"url\":\"https:\/\/www.richter.ca\/fr\/evenements\/\",\"name\":\"\u00c9v\u00e9nements - Richter\",\"isPartOf\":{\"@id\":\"https:\/\/www.www.richter.ca\/#website\"},\"datePublished\":\"2024-01-25T15:29:25+00:00\",\"dateModified\":\"2026-01-09T19:47:38+00:00\",\"description\":\"D\u00e9couvrez nos webinaires et \u00e9v\u00e9nements exclusifs anim\u00e9s par nos experts. B\u00e9n\u00e9ficiez de conseils strat\u00e9giques sur des sujets d\u2019actualit\u00e9s.\",\"breadcrumb\":{\"@id\":\"https:\/\/www.richter.ca\/fr\/evenements\/#breadcrumb\"},\"inLanguage\":\"fr-FR\",\"potentialAction\":[{\"@type\":\"ReadAction\",\"target\":[\"https:\/\/www.richter.ca\/fr\/evenements\/\"]}]},{\"@type\":\"BreadcrumbList\",\"@id\":\"https:\/\/www.richter.ca\/fr\/evenements\/#breadcrumb\",\"itemListElement\":[{\"@type\":\"ListItem\",\"position\":1,\"name\":\"Richter\",\"item\":\"https:\/\/www.richter.ca\/fr\/accueil\/\"},{\"@type\":\"ListItem\",\"position\":2,\"name\":\"\u00c9v\u00e9nements\"}]},{\"@type\":\"WebSite\",\"@id\":\"https:\/\/www.www.richter.ca\/#website\",\"url\":\"https:\/\/www.www.richter.ca\/\",\"name\":\"Richter\",\"description\":\"Un site utilisant WordPress\",\"publisher\":{\"@id\":\"https:\/\/www.www.richter.ca\/#organization\"},\"potentialAction\":[{\"@type\":\"SearchAction\",\"target\":{\"@type\":\"EntryPoint\",\"urlTemplate\":\"https:\/\/www.www.richter.ca\/?s={search_term_string}\"},\"query-input\":{\"@type\":\"PropertyValueSpecification\",\"valueRequired\":true,\"valueName\":\"search_term_string\"}}],\"inLanguage\":\"fr-FR\"},{\"@type\":\"Organization\",\"@id\":\"https:\/\/www.www.richter.ca\/#organization\",\"name\":\"Richter\",\"url\":\"https:\/\/www.www.richter.ca\/\",\"logo\":{\"@type\":\"ImageObject\",\"inLanguage\":\"fr-FR\",\"@id\":\"https:\/\/www.www.richter.ca\/#\/schema\/logo\/image\/\",\"url\":\"https:\/\/www.richter.ca\/wp-content\/uploads\/2018\/08\/logo.png\",\"contentUrl\":\"https:\/\/www.richter.ca\/wp-content\/uploads\/2018\/08\/logo.png\",\"width\":128,\"height\":24,\"caption\":\"Richter\"},\"image\":{\"@id\":\"https:\/\/www.www.richter.ca\/#\/schema\/logo\/image\/\"},\"sameAs\":[\"https:\/\/www.facebook.com\/Richtercanada\/\",\"https:\/\/x.com\/richtercanada\",\"https:\/\/www.instagram.com\/richtercanada\",\"https:\/\/www.linkedin.com\/company\/richter\/?trk=hb_tab_compy_id_255303\"],\"address\":[{\"@type\":\"PostalAddress\",\"addressLocality\":\"Montreal, QC, Canada\",\"postalCode\":\"H3A 0G6\",\"streetAddress\":\"1981 McGill College, #1100 The Richter Tower\"},{\"@type\":\"PostalAddress\",\"addressLocality\":\"Toronto, ON, Canada\",\"postalCode\":\"M5J 2T3\",\"streetAddress\":\"181 Bay St. #3510 Bay Wellington Tower\"},{\"@type\":\"PostalAddress\",\"addressLocality\":\"Chicago, IL, United States\",\"postalCode\":\"60606\",\"streetAddress\":\"200 South Wacker, #3100\"}],\"contactPoint\":[{\"@type\":\"ContactPoint\",\"telephone\":\"+1-514-934-3400\",\"contactType\":\"Montreal office\"},{\"@type\":\"ContactPoint\",\"telephone\":\"+1-416-488-2345\",\"contactType\":\"Toronto office\"},{\"@type\":\"ContactPoint\",\"telephone\":\"+1-312-828-0800\",\"contactType\":\"Chicago office\"}]}]}<\/script>\n<!-- \/ Yoast SEO plugin. -->","yoast_head_json":{"title":"\u00c9v\u00e9nements - Richter","description":"D\u00e9couvrez nos webinaires et \u00e9v\u00e9nements exclusifs anim\u00e9s par nos experts. B\u00e9n\u00e9ficiez de conseils strat\u00e9giques sur des sujets d\u2019actualit\u00e9s.","robots":{"index":"index","follow":"follow","max-snippet":"max-snippet:-1","max-image-preview":"max-image-preview:large","max-video-preview":"max-video-preview:-1"},"og_locale":"fr_FR","og_type":"article","og_title":"\u00c9v\u00e9nements - Richter","og_description":"D\u00e9couvrez nos webinaires et \u00e9v\u00e9nements exclusifs anim\u00e9s par nos experts. B\u00e9n\u00e9ficiez de conseils strat\u00e9giques sur des sujets d\u2019actualit\u00e9s.","og_url":"https:\/\/www.richter.ca\/fr\/evenements\/","og_site_name":"Richter","article_publisher":"https:\/\/www.facebook.com\/Richtercanada\/","article_modified_time":"2026-01-09T19:47:38+00:00","og_image":[{"width":1920,"height":1008,"url":"https:\/\/richterca.tor1.digitaloceanspaces.com\/wp-content\/uploads\/2018\/08\/share-og.jpg","type":"image\/jpeg"}],"twitter_card":"summary_large_image","twitter_site":"@richtercanada","schema":{"@context":"https:\/\/schema.org","@graph":[{"@type":"WebPage","@id":"https:\/\/www.richter.ca\/fr\/evenements\/","url":"https:\/\/www.richter.ca\/fr\/evenements\/","name":"\u00c9v\u00e9nements - Richter","isPartOf":{"@id":"https:\/\/www.www.richter.ca\/#website"},"datePublished":"2024-01-25T15:29:25+00:00","dateModified":"2026-01-09T19:47:38+00:00","description":"D\u00e9couvrez nos webinaires et \u00e9v\u00e9nements exclusifs anim\u00e9s par nos experts. B\u00e9n\u00e9ficiez de conseils strat\u00e9giques sur des sujets d\u2019actualit\u00e9s.","breadcrumb":{"@id":"https:\/\/www.richter.ca\/fr\/evenements\/#breadcrumb"},"inLanguage":"fr-FR","potentialAction":[{"@type":"ReadAction","target":["https:\/\/www.richter.ca\/fr\/evenements\/"]}]},{"@type":"BreadcrumbList","@id":"https:\/\/www.richter.ca\/fr\/evenements\/#breadcrumb","itemListElement":[{"@type":"ListItem","position":1,"name":"Richter","item":"https:\/\/www.richter.ca\/fr\/accueil\/"},{"@type":"ListItem","position":2,"name":"\u00c9v\u00e9nements"}]},{"@type":"WebSite","@id":"https:\/\/www.www.richter.ca\/#website","url":"https:\/\/www.www.richter.ca\/","name":"Richter","description":"Un site utilisant WordPress","publisher":{"@id":"https:\/\/www.www.richter.ca\/#organization"},"potentialAction":[{"@type":"SearchAction","target":{"@type":"EntryPoint","urlTemplate":"https:\/\/www.www.richter.ca\/?s={search_term_string}"},"query-input":{"@type":"PropertyValueSpecification","valueRequired":true,"valueName":"search_term_string"}}],"inLanguage":"fr-FR"},{"@type":"Organization","@id":"https:\/\/www.www.richter.ca\/#organization","name":"Richter","url":"https:\/\/www.www.richter.ca\/","logo":{"@type":"ImageObject","inLanguage":"fr-FR","@id":"https:\/\/www.www.richter.ca\/#\/schema\/logo\/image\/","url":"https:\/\/www.richter.ca\/wp-content\/uploads\/2018\/08\/logo.png","contentUrl":"https:\/\/www.richter.ca\/wp-content\/uploads\/2018\/08\/logo.png","width":128,"height":24,"caption":"Richter"},"image":{"@id":"https:\/\/www.www.richter.ca\/#\/schema\/logo\/image\/"},"sameAs":["https:\/\/www.facebook.com\/Richtercanada\/","https:\/\/x.com\/richtercanada","https:\/\/www.instagram.com\/richtercanada","https:\/\/www.linkedin.com\/company\/richter\/?trk=hb_tab_compy_id_255303"],"address":[{"@type":"PostalAddress","addressLocality":"Montreal, QC, Canada","postalCode":"H3A 0G6","streetAddress":"1981 McGill College, #1100 The Richter Tower"},{"@type":"PostalAddress","addressLocality":"Toronto, ON, Canada","postalCode":"M5J 2T3","streetAddress":"181 Bay St. #3510 Bay Wellington Tower"},{"@type":"PostalAddress","addressLocality":"Chicago, IL, United States","postalCode":"60606","streetAddress":"200 South Wacker, #3100"}],"contactPoint":[{"@type":"ContactPoint","telephone":"+1-514-934-3400","contactType":"Montreal office"},{"@type":"ContactPoint","telephone":"+1-416-488-2345","contactType":"Toronto office"},{"@type":"ContactPoint","telephone":"+1-312-828-0800","contactType":"Chicago office"}]}]}},"_links":{"self":[{"href":"https:\/\/www.richter.ca\/fr\/wp-json\/wp\/v2\/pages\/24410","targetHints":{"allow":["GET"]}}],"collection":[{"href":"https:\/\/www.richter.ca\/fr\/wp-json\/wp\/v2\/pages"}],"about":[{"href":"https:\/\/www.richter.ca\/fr\/wp-json\/wp\/v2\/types\/page"}],"author":[{"embeddable":true,"href":"https:\/\/www.richter.ca\/fr\/wp-json\/wp\/v2\/users\/20"}],"replies":[{"embeddable":true,"href":"https:\/\/www.richter.ca\/fr\/wp-json\/wp\/v2\/comments?post=24410"}],"version-history":[{"count":49,"href":"https:\/\/www.richter.ca\/fr\/wp-json\/wp\/v2\/pages\/24410\/revisions"}],"predecessor-version":[{"id":29940,"href":"https:\/\/www.richter.ca\/fr\/wp-json\/wp\/v2\/pages\/24410\/revisions\/29940"}],"wp:attachment":[{"href":"https:\/\/www.richter.ca\/fr\/wp-json\/wp\/v2\/media?parent=24410"}],"curies":[{"name":"wp","href":"https:\/\/api.w.org\/{rel}","templated":true}]}}