{"id":31127,"date":"2026-05-05T20:23:46","date_gmt":"2026-05-05T18:23:46","guid":{"rendered":"https:\/\/www.richter.ca\/?page_id=31127"},"modified":"2026-05-05T20:23:47","modified_gmt":"2026-05-05T18:23:47","slug":"reseau-des-anciens-de-richter","status":"publish","type":"page","link":"https:\/\/www.richter.ca\/fr\/reseau-des-anciens-de-richter\/","title":{"rendered":"R\u00e9seau des anciens de Richter"},"content":{"rendered":"<div class=\"banner-main animaenter wrapper style1\">\n    <div class=\"image\">\n        <img decoding=\"async\" src=\"https:\/\/richterca.tor1.digitaloceanspaces.com\/wp-content\/uploads\/2026\/04\/web_alumni_landing_page_banner_1980x880px.png\" alt=\"Richter Canada\">    <\/div>\n<!--    --><!--        <img decoding=\"async\" alt=\"\" src=\"--><!--\/dist\/img\/svgs\/Home1.svg\" class=\"svg1\">-->\n<!--        <img decoding=\"async\" alt=\"\" src=\"--><!--\/dist\/img\/svgs\/Home2.svg\" class=\"svg2\">-->\n<!--    --><!--        <img decoding=\"async\" alt=\"\" src=\"--><!--\/dist\/img\/svgs\/Business1.svg\" class=\"svg1\">-->\n<!--        <img decoding=\"async\" alt=\"\" src=\"--><!--\/dist\/img\/svgs\/Business2.svg\" class=\"svg2\"> -->\n<!--    --><!--        <img decoding=\"async\" alt=\"\" src=\"--><!--\/dist\/img\/svgs\/RFO1.svg\" class=\"svg1\">-->\n<!--        <img decoding=\"async\" alt=\"\" src=\"--><!--\/dist\/img\/svgs\/RFO2.svg\" class=\"svg2\">      -->\n<!--    --><!--        <img decoding=\"async\" alt=\"\" src=\"--><!--\/dist\/img\/svgs\/Careers1.svg\" class=\"svg1\">-->\n<!--        <img decoding=\"async\" alt=\"\" src=\"--><!--\/dist\/img\/svgs\/Careers2.svg\" class=\"svg2\">     -->\n<!--    --><\/div>\n\n<div class=\"bl-wysiwyg animaenter wrapper\">\n    <h2><span style=\"font-size: 35px\">R\u00e9seau des anciens de Richter<\/span><\/h2>\n<p>&nbsp;<\/p>\n<p>\u00c0\u00a0l\u2019occasion\u00a0de\u00a0notre\u00a0100e\u00a0anniversaire\u00a0en\u00a02026, nous\u00a0lan\u00e7ons\u00a0le\u00a0<strong>R\u00e9seau des\u00a0anciens\u00a0de Richter<\/strong>,\u00a0une\u00a0fa\u00e7on de\u00a0rester\u00a0en\u00a0lien avec\u00a0celles\u00a0et\u00a0ceux\u00a0qui\u00a0ont\u00a0fa\u00e7onn\u00e9\u00a0Richter et de prendre part \u00e0 la suite.<\/p>\n<p>Reserv\u00e9\u00a0aux anciens, ce r\u00e9seau cr\u00e9e un espace de confiance propice \u00e0 des connexions de qualit\u00e9 entre professionnels de divers horizons. Il donne acc\u00e8s \u00e0 des \u00e9v\u00e9nements cibl\u00e9s,\u00a0tables rondes entre professionnels d\u2019exp\u00e9rience\u00a0et \u00e0 des contenus exclusifs. Des webinaires anim\u00e9s par des anciens permettront aussi de partager des perspectives sur les tendances du march\u00e9, les \u00e9volutions r\u00e9glementaires et d\u2019autres sujets cl\u00e9s. Les membres seront \u00e9galement mis en valeur\u00a0gr\u00e2ce \u00e0\u00a0des\u00a0portraits, des\u00a0\u00e9v\u00e9nements\u00a0phares\u00a0et une programmation sp\u00e9ciale li\u00e9e au centenaire.<\/p>\n<p>Que vous souhaitiez rester inform\u00e9, collaborer, faire des recommandations, agir \u00e0 titre de mentor, prendre la parole lors d\u2019\u00e9v\u00e9nements ou simplement renouer avec d\u2019anciens coll\u00e8gues, le R\u00e9seau des anciens de Richter vous permet de rester connect\u00e9 \u00e0 cette communaut\u00e9 unique.<\/p>\n<iframe loading=\"lazy\" title=\"Alumni Network Registration FR\" class=\"pardotform\" src=\"https:\/\/www2.richter.ca\/l\/138301\/2026-04-06\/2svbhf\" width=\"100%\" height=\"500\" type=\"text\/html\" frameborder=\"0\" allowTransparency=\"true\" style=\"border: 0\"><\/iframe>\n<\/div>\n\n<div class=\"image-small-text-cta animaenter wrapper left\" id=\"\">   \n    <div class=\"content\">\n                                        <div class=\"ct\">\n                <h2>Linda Stroude<\/h2>                <div class=\"description\"><p><span data-contrast=\"auto\">Directrice\u00a0financi\u00e8re, Fondation\u00a0Starlight\u00a0pour enfants<\/span><span data-ccp-props=\"{}\">\u00a0<\/span><\/p>\n<p><span data-contrast=\"auto\">\u00c9tudiante d\u2019\u00e9t\u00e9 : 1997<\/span><br \/>\n<span data-contrast=\"auto\">Emploi \u00e0 temps plein : 1999\u00a0\u00e0\u00a02014<\/span><span data-ccp-props=\"{}\">\u00a0<\/span><\/p>\n<p><span data-contrast=\"auto\">J&rsquo;ai commenc\u00e9 ma carri\u00e8re chez Richter Usher\u00a0Vineberg\u00a0en tant qu&rsquo;\u00e9tudiante d&rsquo;\u00e9t\u00e9 et j&rsquo;ai \u00e9volu\u00e9 au sein du d\u00e9partement d\u2019audit avant de rejoindre le Groupe de Pratique Professionnelle.\u00a0Dans ce r\u00f4le, je supervisais les \u00e9tats financiers d\u2019organisations publiques, priv\u00e9es et \u00e0 but non lucratif\u00a0pour\u00a0assurer\u00a0leur conformit\u00e9 aux normes comptables et d\u2019audit,\u00a0tout en offrant des formations aux employ\u00e9s et aux associ\u00e9s. Richter m\u2019a appris qu\u2019il est possible de travailler avec\u00a0acharnement\u00a0tout en tissant des liens solides avec ses coll\u00e8gues. Les longues journ\u00e9es, les nuits tardives et la forte coh\u00e9sion d\u2019\u00e9quipe sont des exp\u00e9riences qui m\u2019ont marqu\u00e9e. L\u2019expertise acquise dans divers secteurs et les relations professionnelles que j\u2019y ai \u00e9tablies continuent d\u2019influencer ma mani\u00e8re de diriger et de collaborer dans mon r\u00f4le actuel.<\/span><span data-ccp-props=\"{}\">\u00a0<\/span><\/p>\n<\/div>                            <\/div>\n                        <\/div>        \n    <div class=\"image\">\n        <img decoding=\"async\" src=\"https:\/\/richterca.tor1.digitaloceanspaces.com\/wp-content\/uploads\/2026\/03\/stroude_linda_740x640px.jpg\" alt=\"Linda Stroude\">    <\/div> \n<\/div>\n\n\n\n<div class=\"image-small-text-cta animaenter wrapper left\" id=\"\">   \n    <div class=\"content\">\n                                        <div class=\"ct\">\n                <h2>Robert Laufer<\/h2>                <div class=\"description\"><p>Directeur financier, Browns<\/p>\n<p><span data-contrast=\"auto\">Ann\u00e9es pass\u00e9es chez Richter : 1990 \u00e0 2009<\/span><span data-ccp-props=\"{}\">\u00a0<\/span><\/p>\n<p><span data-contrast=\"auto\">J&rsquo;ai d\u00e9but\u00e9 ma carri\u00e8re chez Richter en 1990 avec un baccalaur\u00e9at en sciences politiques et\u00a0seulement\u00a0quelques cours en commerce. Richter m\u2019a\u00a0appris\u00a0la comptabilit\u00e9, l\u2019audit et bien plus encore. Mes mentors et mon exp\u00e9rience chez Richter m&rsquo;ont appris \u00e0 aborder les situations du point de vue de nos clients, \u00e0\u00a0diriger\u00a0des \u00e9quipes, \u00e0 respecter les d\u00e9lais\u00a0tout en\u00a0g\u00e9rant son\u00a0stress, \u00e0 recruter, \u00e0 m&rsquo;occuper de l&rsquo;administration et \u00e0 naviguer dans des dynamiques familiales complexes. J&rsquo;y ai aussi appris la fiscalit\u00e9 personnelle et corporative, la planification successorale, les relations bancaires et les \u00e9missions publiques. La liste de ce que j&rsquo;ai appris est si longue qu&rsquo;il serait impossible de tout \u00e9num\u00e9rer. Cette vaste exp\u00e9rience chez Richter m\u2019a pr\u00e9par\u00e9 pour mon r\u00f4le de directeur\u00a0financier\u00a0chez Browns que j\u2019occupe depuis 16 ans. Je n\u2019ai jamais regrett\u00e9 un seul jour pass\u00e9 chez Richter car cette exp\u00e9rience a pos\u00e9 les bases de ma carri\u00e8re r\u00e9ussie.<\/span><span data-ccp-props=\"{}\">\u00a0<\/span><\/p>\n<\/div>                            <\/div>\n                        <\/div>        \n    <div class=\"image\">\n        <img decoding=\"async\" src=\"https:\/\/richterca.tor1.digitaloceanspaces.com\/wp-content\/uploads\/2026\/03\/laufer_rob_740x640px.jpg\" alt=\"Rob Laufer\">    <\/div> \n<\/div>\n\n\n\n<div class=\"image-small-text-cta animaenter wrapper left\" id=\"\">   \n    <div class=\"content\">\n                                        <div class=\"ct\">\n                <h2>Regent Sica-Teasdale<\/h2>                <div class=\"description\"><p><span data-contrast=\"auto\">Directeur des comptes, Desjardins<\/span><span data-ccp-props=\"{}\">\u00a0<\/span><\/p>\n<p><span data-contrast=\"auto\">Ann\u00e9es pass\u00e9es chez Richter : 2013 \u00e0 2021<\/span><span data-ccp-props=\"{}\">\u00a0<\/span><\/p>\n<p><span data-contrast=\"auto\">Richter a jou\u00e9 un r\u00f4le cl\u00e9 dans mon d\u00e9veloppement professionnel. L\u2019organisation m\u2019a transmis des valeurs humaines fortes et un sens marqu\u00e9 de l\u2019\u00e9thique et de la rigueur au travail.<\/span><span data-ccp-props=\"{}\">\u00a0<\/span><\/p>\n<p><span data-contrast=\"auto\">Aujourd\u2019hui, chez Desjardins, ces apprentissages font partie int\u00e9grante de ma fa\u00e7on de travailler, de collaborer et de b\u00e2tir des relations de confiance.\u00a0<\/span><span data-ccp-props=\"{}\">\u00a0<\/span><\/p>\n<p><span data-contrast=\"auto\">Je resterai toujours reconnaissant envers Richter pour les ann\u00e9es pass\u00e9es, les apprentissages acquis et les relations humaines qui me suivent encore aujourd\u2019hui.<\/span><span data-ccp-props=\"{}\">\u00a0<\/span><\/p>\n<\/div>                            <\/div>\n                        <\/div>        \n    <div class=\"image\">\n        <img decoding=\"async\" src=\"https:\/\/richterca.tor1.digitaloceanspaces.com\/wp-content\/uploads\/2026\/03\/sico-teasdale_regent_740x640px.jpg\" alt=\"Regent Sica-Teasdale\">    <\/div> \n<\/div>\n\n\n\n<div class=\"image-small-text-cta animaenter wrapper left\" id=\"\">   \n    <div class=\"content\">\n                                        <div class=\"ct\">\n                <h2>James Papanastasiou<\/h2>                <div class=\"description\"><p><span data-contrast=\"auto\">Vice-pr\u00e9sident principal et comptable en chef,\u00a0Redbourne<\/span><span data-ccp-props=\"{}\">\u00a0<\/span><\/p>\n<p><span data-contrast=\"auto\">Ann\u00e9es pass\u00e9es chez Richter : 2010 \u00e0 2018<\/span><span data-ccp-props=\"{}\">\u00a0<\/span><\/p>\n<p><span data-contrast=\"auto\">En repensant \u00e0 mon exp\u00e9rience chez Richter, je suis reconnaissant des opportunit\u00e9s et des relations qui ont marqu\u00e9 mon d\u00e9veloppement professionnel et personnel. Recrut\u00e9 directement apr\u00e8s mes \u00e9tudes de comptabilit\u00e9, j\u2019ai rapidement \u00e9t\u00e9 confront\u00e9 \u00e0 des d\u00e9fis vari\u00e9s qui m\u2019ont permis de devenir un professionnel polyvalent. Richter se\u00a0distingue\u00a0par une culture ax\u00e9e sur l\u2019excellence, l\u2019int\u00e9grit\u00e9 et un engagement \u00e0 faire ce qui est juste.<\/span><span data-ccp-props=\"{}\">\u00a0<\/span><\/p>\n<p><span data-contrast=\"auto\">Je suis particuli\u00e8rement reconnaissant des relations nou\u00e9es au sein de l\u2019entreprise. Certains de mes\u00a0amis les\u00a0plus proches\u00a0d\u2019aujourd\u2019hui \u00e9taient mes coll\u00e8gues stagiaires en 2010. J\u2019ai \u00e9galement eu le privil\u00e8ge de b\u00e9n\u00e9ficier du mentorat d\u2019un associ\u00e9 dont les conseils ont jou\u00e9 un r\u00f4le cl\u00e9 pendant mes huit ans\u00a0chez Richter et qui demeure aujourd\u2019hui un\u00a0mentor et\u00a0ami cher. Enfin, c\u2019est chez Richter que j\u2019ai rencontr\u00e9 ma merveilleuse femme, avec qui j\u2019ai trois enfants formidables.<\/span><span data-ccp-props=\"{}\">\u00a0<\/span><\/p>\n<p><span data-contrast=\"auto\">Pour toutes ces raisons, Richter occupe une place sp\u00e9ciale dans mon c\u0153ur.<\/span><\/p>\n<\/div>                            <\/div>\n                        <\/div>        \n    <div class=\"image\">\n        <img decoding=\"async\" src=\"https:\/\/richterca.tor1.digitaloceanspaces.com\/wp-content\/uploads\/2026\/03\/papanastasiou_james_740x640px.jpg\" alt=\"James Papanastasiou\">    <\/div> \n<\/div>\n\n\n\n<div class=\"image-small-text-cta animaenter wrapper left\" id=\"\">   \n    <div class=\"content\">\n                                        <div class=\"ct\">\n                <h2>Ilana Einheiber<\/h2>                <div class=\"description\"><p><span data-contrast=\"auto\">Directrice financi\u00e8re,\u00a0Joddes<\/span><span data-ccp-props=\"{}\">\u00a0<\/span><\/p>\n<p><span data-contrast=\"auto\">Ann\u00e9es pass\u00e9es chez Richter : 1994 \u00e0 2017<\/span><span data-ccp-props=\"{}\">\u00a0<\/span><\/p>\n<p><span class=\"TextRun SCXW110735605 BCX0\" lang=\"FR-CA\" xml:lang=\"FR-CA\" data-contrast=\"auto\"><span class=\"NormalTextRun SCXW110735605 BCX0\">Je suis reconnaissante pour mon exp\u00e9rience chez Richter, o\u00f9 j&rsquo;ai d\u00e9velopp\u00e9 une \u00e9thique de travail forte qui m&rsquo;a fa\u00e7onn\u00e9e en tant que professionnelle. Mais plus que tout, chez Richter, j&rsquo;ai eu l&rsquo;impression de faire partie d&rsquo;une grande famille.\u00a0<\/span><span class=\"NormalTextRun SCXW110735605 BCX0\">J&rsquo;y ai cr\u00e9\u00e9 des amiti\u00e9s durables et me suis toujours sentie soutenue.<\/span><span class=\"NormalTextRun SCXW110735605 BCX0\">\u00a0Aujourd&rsquo;hui, l&rsquo;exp\u00e9rience Richter se poursuit \u00e0 travers un excellent partenariat avec\u00a0<\/span><span class=\"NormalTextRun SCXW110735605 BCX0\">leurs<\/span><span class=\"NormalTextRun SCXW110735605 BCX0\">\u00a0clients.<\/span><\/span><span class=\"EOP Selected SCXW110735605 BCX0\" data-ccp-props=\"{}\">\u00a0<\/span><\/p>\n<\/div>                            <\/div>\n                        <\/div>        \n    <div class=\"image\">\n        <img decoding=\"async\" src=\"https:\/\/richterca.tor1.digitaloceanspaces.com\/wp-content\/uploads\/2026\/03\/einheiber_ilana_740x640px.jpg\" alt=\"Ilana Einheiber\">    <\/div> \n<\/div>\n\n\n\n","protected":false},"excerpt":{"rendered":"","protected":false},"author":20,"featured_media":0,"parent":0,"menu_order":0,"comment_status":"closed","ping_status":"closed","template":"","meta":{"_acf_changed":false,"footnotes":""},"class_list":["post-31127","page","type-page","status-publish","hentry"],"acf":[],"yoast_head":"<!-- This site is optimized with the Yoast SEO plugin v27.5 - https:\/\/yoast.com\/product\/yoast-seo-wordpress\/ -->\n<title>R\u00e9seau des anciens de Richter - Richter<\/title>\n<meta name=\"description\" content=\"Richter est reconnu pour son engagement envers l\u2019excellence, son service \u00e0 la client\u00e8le et sa culture d\u2019entreprise exemplaire.\" \/>\n<meta name=\"robots\" content=\"index, follow, max-snippet:-1, max-image-preview:large, max-video-preview:-1\" \/>\n<meta property=\"og:locale\" content=\"fr_FR\" \/>\n<meta property=\"og:type\" content=\"article\" \/>\n<meta property=\"og:title\" content=\"R\u00e9seau des anciens de Richter - Richter\" \/>\n<meta property=\"og:description\" content=\"Richter est reconnu pour son engagement envers l\u2019excellence, son service \u00e0 la client\u00e8le et sa culture d\u2019entreprise exemplaire.\" \/>\n<meta property=\"og:url\" content=\"https:\/\/www.richter.ca\/fr\/reseau-des-anciens-de-richter\/\" \/>\n<meta property=\"og:site_name\" content=\"Richter\" \/>\n<meta property=\"article:publisher\" content=\"https:\/\/www.facebook.com\/Richtercanada\/\" \/>\n<meta property=\"article:modified_time\" content=\"2026-05-05T18:23:47+00:00\" \/>\n<meta property=\"og:image\" content=\"https:\/\/richterca.tor1.digitaloceanspaces.com\/wp-content\/uploads\/2026\/05\/web_landing_page_image_100th_emblem_1200x630px1.jpg\" \/>\n\t<meta property=\"og:image:width\" content=\"1200\" \/>\n\t<meta property=\"og:image:height\" content=\"630\" \/>\n\t<meta property=\"og:image:type\" content=\"image\/jpeg\" \/>\n<meta name=\"twitter:card\" content=\"summary_large_image\" \/>\n<meta name=\"twitter:site\" content=\"@richtercanada\" \/>\n<script type=\"application\/ld+json\" class=\"yoast-schema-graph\">{\"@context\":\"https:\\\/\\\/schema.org\",\"@graph\":[{\"@type\":\"WebPage\",\"@id\":\"https:\\\/\\\/www.richter.ca\\\/fr\\\/reseau-des-anciens-de-richter\\\/\",\"url\":\"https:\\\/\\\/www.richter.ca\\\/fr\\\/reseau-des-anciens-de-richter\\\/\",\"name\":\"R\u00e9seau des anciens de Richter - Richter\",\"isPartOf\":{\"@id\":\"https:\\\/\\\/www.www.richter.ca\\\/#website\"},\"datePublished\":\"2026-05-05T18:23:46+00:00\",\"dateModified\":\"2026-05-05T18:23:47+00:00\",\"description\":\"Richter est reconnu pour son engagement envers l\u2019excellence, son service \u00e0 la client\u00e8le et sa culture d\u2019entreprise exemplaire.\",\"breadcrumb\":{\"@id\":\"https:\\\/\\\/www.richter.ca\\\/fr\\\/reseau-des-anciens-de-richter\\\/#breadcrumb\"},\"inLanguage\":\"fr-FR\",\"potentialAction\":[{\"@type\":\"ReadAction\",\"target\":[\"https:\\\/\\\/www.richter.ca\\\/fr\\\/reseau-des-anciens-de-richter\\\/\"]}]},{\"@type\":\"BreadcrumbList\",\"@id\":\"https:\\\/\\\/www.richter.ca\\\/fr\\\/reseau-des-anciens-de-richter\\\/#breadcrumb\",\"itemListElement\":[{\"@type\":\"ListItem\",\"position\":1,\"name\":\"Richter\",\"item\":\"https:\\\/\\\/www.richter.ca\\\/fr\\\/accueil\\\/\"},{\"@type\":\"ListItem\",\"position\":2,\"name\":\"R\u00e9seau des anciens de Richter\"}]},{\"@type\":\"WebSite\",\"@id\":\"https:\\\/\\\/www.www.richter.ca\\\/#website\",\"url\":\"https:\\\/\\\/www.www.richter.ca\\\/\",\"name\":\"Richter\",\"description\":\"Un site utilisant WordPress\",\"publisher\":{\"@id\":\"https:\\\/\\\/www.www.richter.ca\\\/#organization\"},\"potentialAction\":[{\"@type\":\"SearchAction\",\"target\":{\"@type\":\"EntryPoint\",\"urlTemplate\":\"https:\\\/\\\/www.www.richter.ca\\\/?s={search_term_string}\"},\"query-input\":{\"@type\":\"PropertyValueSpecification\",\"valueRequired\":true,\"valueName\":\"search_term_string\"}}],\"inLanguage\":\"fr-FR\"},{\"@type\":\"Organization\",\"@id\":\"https:\\\/\\\/www.www.richter.ca\\\/#organization\",\"name\":\"Richter\",\"url\":\"https:\\\/\\\/www.www.richter.ca\\\/\",\"logo\":{\"@type\":\"ImageObject\",\"inLanguage\":\"fr-FR\",\"@id\":\"https:\\\/\\\/www.www.richter.ca\\\/#\\\/schema\\\/logo\\\/image\\\/\",\"url\":\"https:\\\/\\\/richterca.tor1.digitaloceanspaces.com\\\/wp-content\\\/uploads\\\/2018\\\/08\\\/logo.png\",\"contentUrl\":\"https:\\\/\\\/richterca.tor1.digitaloceanspaces.com\\\/wp-content\\\/uploads\\\/2018\\\/08\\\/logo.png\",\"width\":128,\"height\":24,\"caption\":\"Richter\"},\"image\":{\"@id\":\"https:\\\/\\\/www.www.richter.ca\\\/#\\\/schema\\\/logo\\\/image\\\/\"},\"sameAs\":[\"https:\\\/\\\/www.facebook.com\\\/Richtercanada\\\/\",\"https:\\\/\\\/x.com\\\/richtercanada\",\"https:\\\/\\\/www.instagram.com\\\/richtercanada\",\"https:\\\/\\\/www.linkedin.com\\\/company\\\/richter\\\/?trk=hb_tab_compy_id_255303\"],\"address\":[{\"@type\":\"PostalAddress\",\"addressLocality\":\"Montreal, QC, Canada\",\"postalCode\":\"H3A 0G6\",\"streetAddress\":\"1981 McGill College, #1100 The Richter Tower\"},{\"@type\":\"PostalAddress\",\"addressLocality\":\"Toronto, ON, Canada\",\"postalCode\":\"M5J 2T3\",\"streetAddress\":\"181 Bay St. #3510 Bay Wellington Tower\"},{\"@type\":\"PostalAddress\",\"addressLocality\":\"Chicago, IL, United States\",\"postalCode\":\"60606\",\"streetAddress\":\"200 South Wacker, #3100\"}],\"contactPoint\":[{\"@type\":\"ContactPoint\",\"telephone\":\"+1-514-934-3400\",\"contactType\":\"Montreal office\"},{\"@type\":\"ContactPoint\",\"telephone\":\"+1-416-488-2345\",\"contactType\":\"Toronto office\"},{\"@type\":\"ContactPoint\",\"telephone\":\"+1-312-828-0800\",\"contactType\":\"Chicago office\"}]}]}<\/script>\n<!-- \/ Yoast SEO plugin. -->","yoast_head_json":{"title":"R\u00e9seau des anciens de Richter - Richter","description":"Richter est reconnu pour son engagement envers l\u2019excellence, son service \u00e0 la client\u00e8le et sa culture d\u2019entreprise exemplaire.","robots":{"index":"index","follow":"follow","max-snippet":"max-snippet:-1","max-image-preview":"max-image-preview:large","max-video-preview":"max-video-preview:-1"},"og_locale":"fr_FR","og_type":"article","og_title":"R\u00e9seau des anciens de Richter - Richter","og_description":"Richter est reconnu pour son engagement envers l\u2019excellence, son service \u00e0 la client\u00e8le et sa culture d\u2019entreprise exemplaire.","og_url":"https:\/\/www.richter.ca\/fr\/reseau-des-anciens-de-richter\/","og_site_name":"Richter","article_publisher":"https:\/\/www.facebook.com\/Richtercanada\/","article_modified_time":"2026-05-05T18:23:47+00:00","og_image":[{"width":1200,"height":630,"url":"https:\/\/richterca.tor1.digitaloceanspaces.com\/wp-content\/uploads\/2026\/05\/web_landing_page_image_100th_emblem_1200x630px1.jpg","type":"image\/jpeg"}],"twitter_card":"summary_large_image","twitter_site":"@richtercanada","schema":{"@context":"https:\/\/schema.org","@graph":[{"@type":"WebPage","@id":"https:\/\/www.richter.ca\/fr\/reseau-des-anciens-de-richter\/","url":"https:\/\/www.richter.ca\/fr\/reseau-des-anciens-de-richter\/","name":"R\u00e9seau des anciens de Richter - Richter","isPartOf":{"@id":"https:\/\/www.www.richter.ca\/#website"},"datePublished":"2026-05-05T18:23:46+00:00","dateModified":"2026-05-05T18:23:47+00:00","description":"Richter est reconnu pour son engagement envers l\u2019excellence, son service \u00e0 la client\u00e8le et sa culture d\u2019entreprise exemplaire.","breadcrumb":{"@id":"https:\/\/www.richter.ca\/fr\/reseau-des-anciens-de-richter\/#breadcrumb"},"inLanguage":"fr-FR","potentialAction":[{"@type":"ReadAction","target":["https:\/\/www.richter.ca\/fr\/reseau-des-anciens-de-richter\/"]}]},{"@type":"BreadcrumbList","@id":"https:\/\/www.richter.ca\/fr\/reseau-des-anciens-de-richter\/#breadcrumb","itemListElement":[{"@type":"ListItem","position":1,"name":"Richter","item":"https:\/\/www.richter.ca\/fr\/accueil\/"},{"@type":"ListItem","position":2,"name":"R\u00e9seau des anciens de Richter"}]},{"@type":"WebSite","@id":"https:\/\/www.www.richter.ca\/#website","url":"https:\/\/www.www.richter.ca\/","name":"Richter","description":"Un site utilisant WordPress","publisher":{"@id":"https:\/\/www.www.richter.ca\/#organization"},"potentialAction":[{"@type":"SearchAction","target":{"@type":"EntryPoint","urlTemplate":"https:\/\/www.www.richter.ca\/?s={search_term_string}"},"query-input":{"@type":"PropertyValueSpecification","valueRequired":true,"valueName":"search_term_string"}}],"inLanguage":"fr-FR"},{"@type":"Organization","@id":"https:\/\/www.www.richter.ca\/#organization","name":"Richter","url":"https:\/\/www.www.richter.ca\/","logo":{"@type":"ImageObject","inLanguage":"fr-FR","@id":"https:\/\/www.www.richter.ca\/#\/schema\/logo\/image\/","url":"https:\/\/richterca.tor1.digitaloceanspaces.com\/wp-content\/uploads\/2018\/08\/logo.png","contentUrl":"https:\/\/richterca.tor1.digitaloceanspaces.com\/wp-content\/uploads\/2018\/08\/logo.png","width":128,"height":24,"caption":"Richter"},"image":{"@id":"https:\/\/www.www.richter.ca\/#\/schema\/logo\/image\/"},"sameAs":["https:\/\/www.facebook.com\/Richtercanada\/","https:\/\/x.com\/richtercanada","https:\/\/www.instagram.com\/richtercanada","https:\/\/www.linkedin.com\/company\/richter\/?trk=hb_tab_compy_id_255303"],"address":[{"@type":"PostalAddress","addressLocality":"Montreal, QC, Canada","postalCode":"H3A 0G6","streetAddress":"1981 McGill College, #1100 The Richter Tower"},{"@type":"PostalAddress","addressLocality":"Toronto, ON, Canada","postalCode":"M5J 2T3","streetAddress":"181 Bay St. #3510 Bay Wellington Tower"},{"@type":"PostalAddress","addressLocality":"Chicago, IL, United States","postalCode":"60606","streetAddress":"200 South Wacker, #3100"}],"contactPoint":[{"@type":"ContactPoint","telephone":"+1-514-934-3400","contactType":"Montreal office"},{"@type":"ContactPoint","telephone":"+1-416-488-2345","contactType":"Toronto office"},{"@type":"ContactPoint","telephone":"+1-312-828-0800","contactType":"Chicago office"}]}]}},"_links":{"self":[{"href":"https:\/\/www.richter.ca\/fr\/wp-json\/wp\/v2\/pages\/31127","targetHints":{"allow":["GET"]}}],"collection":[{"href":"https:\/\/www.richter.ca\/fr\/wp-json\/wp\/v2\/pages"}],"about":[{"href":"https:\/\/www.richter.ca\/fr\/wp-json\/wp\/v2\/types\/page"}],"author":[{"embeddable":true,"href":"https:\/\/www.richter.ca\/fr\/wp-json\/wp\/v2\/users\/20"}],"replies":[{"embeddable":true,"href":"https:\/\/www.richter.ca\/fr\/wp-json\/wp\/v2\/comments?post=31127"}],"version-history":[{"count":6,"href":"https:\/\/www.richter.ca\/fr\/wp-json\/wp\/v2\/pages\/31127\/revisions"}],"predecessor-version":[{"id":31134,"href":"https:\/\/www.richter.ca\/fr\/wp-json\/wp\/v2\/pages\/31127\/revisions\/31134"}],"wp:attachment":[{"href":"https:\/\/www.richter.ca\/fr\/wp-json\/wp\/v2\/media?parent=31127"}],"curies":[{"name":"wp","href":"https:\/\/api.w.org\/{rel}","templated":true}]}}