{"id":6346,"date":"2018-11-06T20:20:48","date_gmt":"2018-11-06T19:20:48","guid":{"rendered":"https:\/\/www.richter.ca\/?page_id=6346"},"modified":"2022-04-13T17:38:05","modified_gmt":"2022-04-13T15:38:05","slug":"accessibilite","status":"publish","type":"page","link":"https:\/\/www.richter.ca\/fr\/accessibilite\/","title":{"rendered":"Accessibilit\u00e9"},"content":{"rendered":"\n<p><\/p>\n\n\n<div class=\"bl-wysiwyg animaenter wrapper\">\n    <h2>\u00c9nonc\u00e9 de politique<\/h2>\n<p>Richter vise l\u2019excellence en mati\u00e8re de prestation de services aux clients, y compris aux personnes handicap\u00e9es.<\/p>\n<p>La pr\u00e9sente politique s\u2019applique aux membres de l\u2019\u00e9quipe Richter en Ontario.<\/p>\n<p>Richter s\u2019efforce d\u2019offrir \u00e0 ses clients un environnement sans obstacle et de fournir ses services aux personnes handicap\u00e9es d\u2019une mani\u00e8re qui respecte leur dignit\u00e9 et leur ind\u00e9pendance, et d\u2019appliquer les m\u00eames normes \u00e9lev\u00e9es de qualit\u00e9 que celles qui sont offertes \u00e0 tous les clients.<\/p>\n<p>La\u00a0<em>Loi sur l\u2019accessibilit\u00e9 pour les personnes handicap\u00e9es de l\u2019Ontario<\/em>\u00a0(LAPHO) vise \u00e0 cr\u00e9er une province plus accessible en ciblant et, dans la mesure du possible, en pr\u00e9venant et en \u00e9liminant les obstacles auxquels se heurtent les personnes handicap\u00e9es. Une norme de service \u00e0 la client\u00e8le (la \u00ab\u00a0Norme\u00a0\u00bb) a \u00e9t\u00e9 \u00e9tablie en vertu de la LAPHO afin de veiller \u00e0 ce que l\u2019accessibilit\u00e9 aux biens et services soit la m\u00eame pour tous les Ontariens.<\/p>\n<h3>Principes de base<\/h3>\n<p>Nous nous effor\u00e7ons de nous assurer que la politique ainsi que ses pratiques et proc\u00e9dures sont coh\u00e9rentes avec les quatre principes de base suivants\u00a0:<\/p>\n<ul>\n<li><strong>Dignit\u00e9<br \/>\n<\/strong>Les clients handicap\u00e9s ont droit \u00e0 la m\u00eame qualit\u00e9 \u00e9lev\u00e9e de service et aux m\u00eames \u00e9gards que tout autre client.<\/li>\n<li><strong>Occasion<br \/>\n<\/strong>Les clients handicap\u00e9s auront une chance \u00e9gale \u00e0 celle donn\u00e9e aux autres clients lorsque vient le temps d\u2019obtenir et d\u2019utiliser les biens et services de Richter et d\u2019en b\u00e9n\u00e9ficier.<\/li>\n<li><strong>Int\u00e9gration<br \/>\n<\/strong>Dans la mesure du possible, les clients handicap\u00e9s auront acc\u00e8s \u00e0 nos biens et services au m\u00eame endroit et de la m\u00eame fa\u00e7on ou d\u2019une fa\u00e7on semblable que tout autre client. Dans les situations o\u00f9 l\u2019int\u00e9gration ne r\u00e9pond pas aux besoins du client handicap\u00e9, les biens et services seront fournis, dans la mesure du possible, d\u2019une autre fa\u00e7on qui tient compte des besoins particuliers du client.<\/li>\n<li><strong>Ind\u00e9pendance<br \/>\n<\/strong>Les biens et services seront fournis de fa\u00e7on \u00e0 respecter l\u2019ind\u00e9pendance des clients handicap\u00e9s. \u00c0 cette fin, nous sommes toujours pr\u00eats \u00e0 aider un client handicap\u00e9 s\u2019il en fait la demande.<\/li>\n<\/ul>\n<h3>ACCESSIBILIT\u00c9 DES SERVICES<\/h3>\n<h4><strong>Communication avec les personnes handicap\u00e9es<\/strong><\/h4>\n<p>Richter s\u2019efforce de communiquer avec les clients handicap\u00e9s de fa\u00e7on \u00e0 prendre en consid\u00e9ration le handicap et la m\u00e9thode de communication pr\u00e9f\u00e9r\u00e9e du client. Nous pouvons communiquer avec les clients par \u00e9crit, par t\u00e9l\u00e9phone, par courriel ou au moyen de rencontres en personne ou par vid\u00e9oconf\u00e9rence (s\u2019il y a lieu). Richter reconna\u00eet que les clients ne souhaiteront pas tous communiquer de la m\u00eame mani\u00e8re. La fa\u00e7on d\u2019interagir et de communiquer avec les personnes handicap\u00e9es figure dans le programme de formation du cabinet.<\/p>\n<h4><strong>Accessoires fonctionnels\u00a0<\/strong><\/h4>\n<p>Les clients handicap\u00e9s pourront, dans la mesure du possible, utiliser leur propre accessoire fonctionnel dans nos locaux pour obtenir ou utiliser nos biens et services ou en b\u00e9n\u00e9ficier.<\/p>\n<p>Si un obstacle physique, technologique ou d\u2019un autre type emp\u00eache l\u2019utilisation d\u2019un accessoire fonctionnel dans nos locaux, nous chercherons avant tout \u00e0 supprimer cet obstacle. Si nous ne pouvons pas supprimer l\u2019obstacle, nous demanderons au client de quelle fa\u00e7on nous pouvons l\u2019accommoder et quel mode de service lui conviendrait mieux. Nous ferons tous les efforts possibles pour offrir une autre fa\u00e7on d\u2019aider le client handicap\u00e9.<\/p>\n<p>Les associ\u00e9s et les employ\u00e9s de Richter suivront une formation sur les diff\u00e9rents accessoires fonctionnels pouvant \u00eatre utilis\u00e9s par les clients handicap\u00e9s pour avoir acc\u00e8s \u00e0 nos biens et services.<\/p>\n<h4><strong>Animaux d\u2019assistance<\/strong><\/h4>\n<p>Les clients handicap\u00e9s peuvent \u00eatre accompagn\u00e9s d\u2019un animal d\u2019assistance et garder l\u2019animal avec eux dans les locaux de Richter. Il revient au client qui utilise un animal d\u2019assistance d\u2019assurer en tout temps le contr\u00f4le de l\u2019animal.<\/p>\n<p>Les associ\u00e9s et les employ\u00e9s de Richter suivront une formation sur la fa\u00e7on d\u2019interagir avec les clients handicap\u00e9s qui sont accompagn\u00e9s d\u2019un animal d\u2019assistance.<\/p>\n<h4><strong>Personnes de soutien<\/strong><\/h4>\n<p>Les clients handicap\u00e9s peuvent \u00eatre accompagn\u00e9s d\u2019une personne de soutien dans les locaux de Richter.\u00a0S\u2019il y a lieu, les personnes de soutien peuvent devoir reconna\u00eetre que les conseils et services de Richter sont fournis au client et non \u00e0 la personne de soutien.<\/p>\n<p>Les associ\u00e9s et les employ\u00e9s de Richter suivront une formation sur la fa\u00e7on d\u2019interagir avec les clients qui sont accompagn\u00e9s d\u2019une personne de soutien.<\/p>\n<h4><strong>Avis d&rsquo;interruptions temporaires de service<\/strong><\/h4>\n<p>En cas d\u2019interruption planifi\u00e9e ou impr\u00e9vue d\u2019un service ou d\u2019un \u00e9tablissement utilis\u00e9 par les clients handicap\u00e9s, Richter en avisera les clients. L\u2019avis sera affich\u00e9 \u00e0 la r\u00e9ception du bureau de Toronto et sur le site Web de Richter. L\u2019avis fournira les renseignements suivants\u00a0:<\/p>\n<ol>\n<li>un \u00e9tablissement ou un service n\u2019est pas disponible;<\/li>\n<li>la dur\u00e9e pr\u00e9vue de l\u2019interruption;<\/li>\n<li>la raison de l\u2019interruption;<\/li>\n<li>les autres \u00e9tablissements ou services disponibles, le cas \u00e9ch\u00e9ant.<\/li>\n<\/ol>\n<p>Dans le cas d\u2019une interruption impr\u00e9vue, l\u2019avis sera communiqu\u00e9 le plus rapidement possible.<\/p>\n<h3>FORMATION ET DOSSIERS<\/h3>\n<p>Conform\u00e9ment aux dispositions de la LAPHO, Richter offrira une formation continue \u00e0 tous les associ\u00e9s et employ\u00e9s vis\u00e9s par la pr\u00e9sente politique, ainsi qu\u2019aux personnes responsables de l\u2019\u00e9laboration de la politique et de ses proc\u00e9dures et pratiques.<\/p>\n<h4><strong>Contenu de la formation<\/strong><\/h4>\n<p>La formation portera sur les aspects suivants\u00a0:<\/p>\n<ul>\n<li>un examen des objets de la LAPHO et des exigences de la Norme;<\/li>\n<li>la mani\u00e8re d\u2019interagir et de communiquer avec des personnes ayant divers types de handicaps;<\/li>\n<li>la mani\u00e8re d\u2019interagir avec les personnes handicap\u00e9es qui utilisent un appareil ou un accessoire fonctionnel, ou qui n\u00e9cessitent l\u2019aide d\u2019un animal d\u2019assistance ou d\u2019une personne de soutien;<\/li>\n<li>la mani\u00e8re d\u2019utiliser les appareils ou dispositifs qui se trouvent dans nos bureaux pour faciliter la prestation de biens ou de services \u00e0 une personne handicap\u00e9e;<\/li>\n<li>ce qu\u2019il faut faire si un client handicap\u00e9 a de la difficult\u00e9 \u00e0 avoir acc\u00e8s aux \u00e9tablissements ou aux services;<\/li>\n<li>le contenu et les exigences des politiques, pratiques et proc\u00e9dures de Richter relatives \u00e0 la Norme.<\/li>\n<\/ul>\n<h4><strong>Calendrier de formation<\/strong><\/h4>\n<p>La formation sera fournie \u00e0 tous les associ\u00e9s et employ\u00e9s de Richter vis\u00e9s par la pr\u00e9sente politique.<\/p>\n<h4><strong>Documentation de la formation<\/strong><\/h4>\n<p>Des dossiers sur la formation fournie, comprenant le protocole de formation, les dates auxquelles la formation a \u00e9t\u00e9 fournie et le nombre de personnes ayant suivi la formation, doivent \u00eatre tenus \u00e0 jour conform\u00e9ment aux exigences de la LAPHO.<\/p>\n<h3>PROC\u00c9DURE DE R\u00c9TROACTION<\/h3>\n<h4><strong>Processus de r\u00e9troaction<\/strong><\/h4>\n<p>Richter s\u2019engage \u00e0 r\u00e9pondre aux exigences de la Norme. Les commentaires sur la fa\u00e7on dont nous r\u00e9pondons aux attentes des clients sont bienvenus et appr\u00e9ci\u00e9s.<\/p>\n<h4><strong>R\u00e9ponse aux commentaires<\/strong><\/h4>\n<p>Le repr\u00e9sentant de la LAPHO de Richter donnera suite dans les meilleurs d\u00e9lais \u00e0 tous les commentaires re\u00e7us et accusera r\u00e9ception des commentaires dans les dix (10)\u00a0jours ouvrables suivant leur r\u00e9ception. Une r\u00e9ponse sera envoy\u00e9e dans le format demand\u00e9 par le client, par courriel, par t\u00e9l\u00e9phone ou par \u00e9crit. La r\u00e9ponse fera \u00e9tat des commentaires formul\u00e9s par le client et d\u00e9crira toute mesure \u00e0 prendre.<\/p>\n<p>S\u2019il y a lieu, le commentaire sera pris en compte dans le cadre du processus de r\u00e9vision continue des politiques et proc\u00e9dures relatives \u00e0 la LAPHO.<\/p>\n<h4 class=\"text\"><strong>Plan pluriannuel d\u2019accessibilit\u00e9\u00a0:<\/strong><\/h4>\n<p class=\"text\">Vous pouvez consulter notre\u00a0<a href=\"https:\/\/richterca.tor1.digitaloceanspaces.com\/wp-content\/uploads\/2018\/11\/aoda_multi-year-plan_f-2017-12.pdf\" target=\"_blank\" rel=\"noopener noreferrer\">Plan d&rsquo;accessibilit\u00e9 pluriannuel\u00a0ici<\/a>. Sur demande, nous fournirons \u00e9galement un exemplaire du Plan d\u2019accessibilit\u00e9 pluriannuel dans un format accessible.<\/p>\n<h4><span class=\"Heading3Char\"><strong>Modes<\/strong><\/span><strong>\u00a0d\u2019acheminement des commentaires<\/strong><\/h4>\n<p>Les clients peuvent formuler leurs commentaires sur la fa\u00e7on dont Richter assure la prestation de ses services aux clients handicap\u00e9s. Les commentaires peuvent \u00eatre achemin\u00e9s de l\u2019une des fa\u00e7ons suivantes\u00a0:<\/p>\n<p>Par voie \u00e9lectronique, en se rendant sur notre site Web\u00a0<a href=\"https:\/\/www.richter.ca\">www.www.richter.ca<\/a>.<\/p>\n<p>Par courriel, \u00e0\u00a0<a href=\"mailto:info@richter.ca\">info@richter.ca<\/a>\u00a0en indiquant Commentaires relatifs \u00e0 la LAPHO \u00e0 la ligne Objet<\/p>\n<p>Par \u00e9crit, \u00e0 l\u2019adresse\u00a0:<\/p>\n<p>Richter LLP, Commentaires relatifs \u00e0 la LAPHO<\/p>\n<p>181, Bay St., bureau 3320<\/p>\n<p>Toronto (Ontario)<\/p>\n<p>En personne, en sera rendant au bureau de Toronto ou en remettant les commentaires par \u00e9crit \u00e0 la r\u00e9ception.<\/p>\n<p>De plus, un client peut demander \u00e0 un membre du personnel de Richter de pr\u00e9senter ses commentaires en son nom.<\/p>\n<h3>AVIS DE DISPONIBILIT\u00c9 DES DOCUMENTS<\/h3>\n<p>La politique d\u2019accessibilit\u00e9 pour les services \u00e0 la client\u00e8le de Richter et ses proc\u00e9dures seront mises \u00e0 la disposition du public et des clients sur demande.<\/p>\n<p>Un avis de la disponibilit\u00e9 des documents sera affich\u00e9 sur le site Web de Richter,\u00a0<a href=\"https:\/\/www.richter.ca\">www.www.richter.ca<\/a>.<\/p>\n<p>Richter fera parvenir \u00e0 un client handicap\u00e9 les documents exig\u00e9s par la Norme, ou l\u2019information contenue dans les documents, dans un format qui tient compte de son handicap.<\/p>\n<p>&nbsp;<\/p>\n<h3>\u00c9NONC\u00c9 SUR L&rsquo;ACCESSIBILIT\u00c9 DU SITE WEB<\/h3>\n<p>Richter s\u2019engage \u00e0 offrir un site Web accessible au plus grand public possible. Nous voulons que tous les visiteurs se sentent les bienvenus et trouvent l\u2019exp\u00e9rience utile.<\/p>\n<p>Notre site Web s\u2019efforce de se conformer aux <a href=\"https:\/\/www.w3.org\/TR\/WCAG20\/\">R\u00e8gles pour l\u2019accessibilit\u00e9 des contenus Web (WCAG)\u00a02.0, Niveau\u00a0AA<\/a>. Ces lignes directrices expliquent comment rendre le contenu Web plus accessible pour les personnes handicap\u00e9es. Le respect de ces lignes directrices aidera \u00e0 faire du Web un espace plus inclusif.<\/p>\n<p>En tenant compte d\u2019\u00e9l\u00e9ments tels que les m\u00e9dias de remplacement, le balisage s\u00e9mantique, le support de clavier, le contraste du texte et plus, le niveau d\u2019accessibilit\u00e9 actuel peut \u00eatre d\u00e9termin\u00e9. <strong>Le site Web de Richter est conforme \u00e0 la norme WCAG\u00a02.0, Niveau\u00a0AA<\/strong>, ce qui signifie que le contenu est enti\u00e8rement conforme \u00e0 la norme d\u2019accessibilit\u00e9.<\/p>\n<p><strong>Pour nous joindre<\/strong><\/p>\n<p>Si vous \u00e9prouvez des difficult\u00e9s \u00e0 acc\u00e9der au site Web de Richter, n\u2019h\u00e9sitez pas \u00e0 communiquer avec nous. Vous pouvez nous rejoindre au 416.488.2345.<\/p>\n<\/div>","protected":false},"excerpt":{"rendered":"","protected":false},"author":1,"featured_media":0,"parent":0,"menu_order":0,"comment_status":"closed","ping_status":"closed","template":"","meta":{"_acf_changed":false,"footnotes":""},"class_list":["post-6346","page","type-page","status-publish","hentry"],"acf":[],"yoast_head":"<!-- This site is optimized with the Yoast SEO plugin v26.9 - https:\/\/yoast.com\/product\/yoast-seo-wordpress\/ -->\n<title>Accessibilit\u00e9 - Richter<\/title>\n<meta name=\"description\" content=\"Richter vise l\u2019excellence en mati\u00e8re de prestation de services aux clients, y compris aux personnes handicap\u00e9es.\" \/>\n<meta name=\"robots\" content=\"index, follow, max-snippet:-1, max-image-preview:large, max-video-preview:-1\" \/>\n<meta property=\"og:locale\" content=\"fr_FR\" \/>\n<meta property=\"og:type\" content=\"article\" \/>\n<meta property=\"og:title\" content=\"Accessibilit\u00e9 - Richter\" \/>\n<meta property=\"og:description\" content=\"Richter vise l\u2019excellence en mati\u00e8re de prestation de services aux clients, y compris aux personnes handicap\u00e9es.\" \/>\n<meta property=\"og:url\" content=\"https:\/\/www.www.richter.ca\/fr\/accessibilite\/\" \/>\n<meta property=\"og:site_name\" content=\"Richter\" \/>\n<meta property=\"article:publisher\" content=\"https:\/\/www.facebook.com\/Richtercanada\/\" \/>\n<meta property=\"article:modified_time\" content=\"2022-04-13T15:38:05+00:00\" \/>\n<meta property=\"og:image\" content=\"https:\/\/richterca.tor1.digitaloceanspaces.com\/wp-content\/uploads\/2018\/08\/share-og.jpg\" \/>\n\t<meta property=\"og:image:width\" content=\"1920\" \/>\n\t<meta property=\"og:image:height\" content=\"1008\" \/>\n\t<meta property=\"og:image:type\" content=\"image\/jpeg\" \/>\n<meta name=\"twitter:card\" content=\"summary_large_image\" \/>\n<meta name=\"twitter:site\" content=\"@richtercanada\" \/>\n<script type=\"application\/ld+json\" class=\"yoast-schema-graph\">{\"@context\":\"https:\/\/schema.org\",\"@graph\":[{\"@type\":\"WebPage\",\"@id\":\"https:\/\/www.www.richter.ca\/fr\/accessibilite\/\",\"url\":\"https:\/\/www.www.richter.ca\/fr\/accessibilite\/\",\"name\":\"Accessibilit\u00e9 - Richter\",\"isPartOf\":{\"@id\":\"https:\/\/www.www.richter.ca\/#website\"},\"datePublished\":\"2018-11-06T19:20:48+00:00\",\"dateModified\":\"2022-04-13T15:38:05+00:00\",\"description\":\"Richter vise l\u2019excellence en mati\u00e8re de prestation de services aux clients, y compris aux personnes handicap\u00e9es.\",\"breadcrumb\":{\"@id\":\"https:\/\/www.www.richter.ca\/fr\/accessibilite\/#breadcrumb\"},\"inLanguage\":\"fr-FR\",\"potentialAction\":[{\"@type\":\"ReadAction\",\"target\":[\"https:\/\/www.www.richter.ca\/fr\/accessibilite\/\"]}]},{\"@type\":\"BreadcrumbList\",\"@id\":\"https:\/\/www.www.richter.ca\/fr\/accessibilite\/#breadcrumb\",\"itemListElement\":[{\"@type\":\"ListItem\",\"position\":1,\"name\":\"Richter\",\"item\":\"https:\/\/www.richter.ca\/fr\/accueil\/\"},{\"@type\":\"ListItem\",\"position\":2,\"name\":\"Accessibilit\u00e9\"}]},{\"@type\":\"WebSite\",\"@id\":\"https:\/\/www.www.richter.ca\/#website\",\"url\":\"https:\/\/www.www.richter.ca\/\",\"name\":\"Richter\",\"description\":\"Un site utilisant WordPress\",\"publisher\":{\"@id\":\"https:\/\/www.www.richter.ca\/#organization\"},\"potentialAction\":[{\"@type\":\"SearchAction\",\"target\":{\"@type\":\"EntryPoint\",\"urlTemplate\":\"https:\/\/www.www.richter.ca\/?s={search_term_string}\"},\"query-input\":{\"@type\":\"PropertyValueSpecification\",\"valueRequired\":true,\"valueName\":\"search_term_string\"}}],\"inLanguage\":\"fr-FR\"},{\"@type\":\"Organization\",\"@id\":\"https:\/\/www.www.richter.ca\/#organization\",\"name\":\"Richter\",\"url\":\"https:\/\/www.www.richter.ca\/\",\"logo\":{\"@type\":\"ImageObject\",\"inLanguage\":\"fr-FR\",\"@id\":\"https:\/\/www.www.richter.ca\/#\/schema\/logo\/image\/\",\"url\":\"https:\/\/www.richter.ca\/wp-content\/uploads\/2018\/08\/logo.png\",\"contentUrl\":\"https:\/\/www.richter.ca\/wp-content\/uploads\/2018\/08\/logo.png\",\"width\":128,\"height\":24,\"caption\":\"Richter\"},\"image\":{\"@id\":\"https:\/\/www.www.richter.ca\/#\/schema\/logo\/image\/\"},\"sameAs\":[\"https:\/\/www.facebook.com\/Richtercanada\/\",\"https:\/\/x.com\/richtercanada\",\"https:\/\/www.instagram.com\/richtercanada\",\"https:\/\/www.linkedin.com\/company\/richter\/?trk=hb_tab_compy_id_255303\"],\"address\":[{\"@type\":\"PostalAddress\",\"addressLocality\":\"Montreal, QC, Canada\",\"postalCode\":\"H3A 0G6\",\"streetAddress\":\"1981 McGill College, #1100 The Richter Tower\"},{\"@type\":\"PostalAddress\",\"addressLocality\":\"Toronto, ON, Canada\",\"postalCode\":\"M5J 2T3\",\"streetAddress\":\"181 Bay St. #3510 Bay Wellington Tower\"},{\"@type\":\"PostalAddress\",\"addressLocality\":\"Chicago, IL, United States\",\"postalCode\":\"60606\",\"streetAddress\":\"200 South Wacker, #3100\"}],\"contactPoint\":[{\"@type\":\"ContactPoint\",\"telephone\":\"+1-514-934-3400\",\"contactType\":\"Montreal office\"},{\"@type\":\"ContactPoint\",\"telephone\":\"+1-416-488-2345\",\"contactType\":\"Toronto office\"},{\"@type\":\"ContactPoint\",\"telephone\":\"+1-312-828-0800\",\"contactType\":\"Chicago office\"}]}]}<\/script>\n<!-- \/ Yoast SEO plugin. -->","yoast_head_json":{"title":"Accessibilit\u00e9 - Richter","description":"Richter vise l\u2019excellence en mati\u00e8re de prestation de services aux clients, y compris aux personnes handicap\u00e9es.","robots":{"index":"index","follow":"follow","max-snippet":"max-snippet:-1","max-image-preview":"max-image-preview:large","max-video-preview":"max-video-preview:-1"},"og_locale":"fr_FR","og_type":"article","og_title":"Accessibilit\u00e9 - Richter","og_description":"Richter vise l\u2019excellence en mati\u00e8re de prestation de services aux clients, y compris aux personnes handicap\u00e9es.","og_url":"https:\/\/www.www.richter.ca\/fr\/accessibilite\/","og_site_name":"Richter","article_publisher":"https:\/\/www.facebook.com\/Richtercanada\/","article_modified_time":"2022-04-13T15:38:05+00:00","og_image":[{"width":1920,"height":1008,"url":"https:\/\/richterca.tor1.digitaloceanspaces.com\/wp-content\/uploads\/2018\/08\/share-og.jpg","type":"image\/jpeg"}],"twitter_card":"summary_large_image","twitter_site":"@richtercanada","schema":{"@context":"https:\/\/schema.org","@graph":[{"@type":"WebPage","@id":"https:\/\/www.www.richter.ca\/fr\/accessibilite\/","url":"https:\/\/www.www.richter.ca\/fr\/accessibilite\/","name":"Accessibilit\u00e9 - Richter","isPartOf":{"@id":"https:\/\/www.www.richter.ca\/#website"},"datePublished":"2018-11-06T19:20:48+00:00","dateModified":"2022-04-13T15:38:05+00:00","description":"Richter vise l\u2019excellence en mati\u00e8re de prestation de services aux clients, y compris aux personnes handicap\u00e9es.","breadcrumb":{"@id":"https:\/\/www.www.richter.ca\/fr\/accessibilite\/#breadcrumb"},"inLanguage":"fr-FR","potentialAction":[{"@type":"ReadAction","target":["https:\/\/www.www.richter.ca\/fr\/accessibilite\/"]}]},{"@type":"BreadcrumbList","@id":"https:\/\/www.www.richter.ca\/fr\/accessibilite\/#breadcrumb","itemListElement":[{"@type":"ListItem","position":1,"name":"Richter","item":"https:\/\/www.richter.ca\/fr\/accueil\/"},{"@type":"ListItem","position":2,"name":"Accessibilit\u00e9"}]},{"@type":"WebSite","@id":"https:\/\/www.www.richter.ca\/#website","url":"https:\/\/www.www.richter.ca\/","name":"Richter","description":"Un site utilisant WordPress","publisher":{"@id":"https:\/\/www.www.richter.ca\/#organization"},"potentialAction":[{"@type":"SearchAction","target":{"@type":"EntryPoint","urlTemplate":"https:\/\/www.www.richter.ca\/?s={search_term_string}"},"query-input":{"@type":"PropertyValueSpecification","valueRequired":true,"valueName":"search_term_string"}}],"inLanguage":"fr-FR"},{"@type":"Organization","@id":"https:\/\/www.www.richter.ca\/#organization","name":"Richter","url":"https:\/\/www.www.richter.ca\/","logo":{"@type":"ImageObject","inLanguage":"fr-FR","@id":"https:\/\/www.www.richter.ca\/#\/schema\/logo\/image\/","url":"https:\/\/www.richter.ca\/wp-content\/uploads\/2018\/08\/logo.png","contentUrl":"https:\/\/www.richter.ca\/wp-content\/uploads\/2018\/08\/logo.png","width":128,"height":24,"caption":"Richter"},"image":{"@id":"https:\/\/www.www.richter.ca\/#\/schema\/logo\/image\/"},"sameAs":["https:\/\/www.facebook.com\/Richtercanada\/","https:\/\/x.com\/richtercanada","https:\/\/www.instagram.com\/richtercanada","https:\/\/www.linkedin.com\/company\/richter\/?trk=hb_tab_compy_id_255303"],"address":[{"@type":"PostalAddress","addressLocality":"Montreal, QC, Canada","postalCode":"H3A 0G6","streetAddress":"1981 McGill College, #1100 The Richter Tower"},{"@type":"PostalAddress","addressLocality":"Toronto, ON, Canada","postalCode":"M5J 2T3","streetAddress":"181 Bay St. #3510 Bay Wellington Tower"},{"@type":"PostalAddress","addressLocality":"Chicago, IL, United States","postalCode":"60606","streetAddress":"200 South Wacker, #3100"}],"contactPoint":[{"@type":"ContactPoint","telephone":"+1-514-934-3400","contactType":"Montreal office"},{"@type":"ContactPoint","telephone":"+1-416-488-2345","contactType":"Toronto office"},{"@type":"ContactPoint","telephone":"+1-312-828-0800","contactType":"Chicago office"}]}]}},"_links":{"self":[{"href":"https:\/\/www.richter.ca\/fr\/wp-json\/wp\/v2\/pages\/6346","targetHints":{"allow":["GET"]}}],"collection":[{"href":"https:\/\/www.richter.ca\/fr\/wp-json\/wp\/v2\/pages"}],"about":[{"href":"https:\/\/www.richter.ca\/fr\/wp-json\/wp\/v2\/types\/page"}],"author":[{"embeddable":true,"href":"https:\/\/www.richter.ca\/fr\/wp-json\/wp\/v2\/users\/1"}],"replies":[{"embeddable":true,"href":"https:\/\/www.richter.ca\/fr\/wp-json\/wp\/v2\/comments?post=6346"}],"version-history":[{"count":13,"href":"https:\/\/www.richter.ca\/fr\/wp-json\/wp\/v2\/pages\/6346\/revisions"}],"predecessor-version":[{"id":20775,"href":"https:\/\/www.richter.ca\/fr\/wp-json\/wp\/v2\/pages\/6346\/revisions\/20775"}],"wp:attachment":[{"href":"https:\/\/www.richter.ca\/fr\/wp-json\/wp\/v2\/media?parent=6346"}],"curies":[{"name":"wp","href":"https:\/\/api.w.org\/{rel}","templated":true}]}}